{"id":11787,"date":"2022-05-26T13:38:26","date_gmt":"2022-05-26T11:38:26","guid":{"rendered":"https:\/\/www.hijasdelamisericordia.com\/?page_id=11787"},"modified":"2023-08-17T10:01:33","modified_gmt":"2023-08-17T08:01:33","slug":"casa-despiritualitat-de-pina-mallorca","status":"publish","type":"page","link":"https:\/\/www.hijasdelamisericordia.com\/ca\/casa-despiritualitat-de-pina-mallorca\/","title":{"rendered":"Casa D&#8217;Espiritualitat de Pina (Mallorca)"},"content":{"rendered":"<div data-elementor-type=\"wp-page\" data-elementor-id=\"11787\" class=\"elementor elementor-11787\" data-elementor-post-type=\"page\">\n\t\t\t\t\t\t<section class=\"elementor-section elementor-top-section elementor-element elementor-element-73d1581 elementor-section-boxed elementor-section-height-default elementor-section-height-default\" data-id=\"73d1581\" data-element_type=\"section\" data-e-type=\"section\">\n\t\t\t\t\t\t<div class=\"elementor-container elementor-column-gap-default\">\n\t\t\t\t\t<div class=\"elementor-column elementor-col-16 elementor-top-column elementor-element elementor-element-3cd0490\" data-id=\"3cd0490\" data-element_type=\"column\" data-e-type=\"column\">\n\t\t\t<div class=\"elementor-widget-wrap\">\n\t\t\t\t\t\t\t<\/div>\n\t\t<\/div>\n\t\t\t\t<div class=\"elementor-column elementor-col-66 elementor-top-column elementor-element elementor-element-7375b47\" data-id=\"7375b47\" data-element_type=\"column\" data-e-type=\"column\">\n\t\t\t<div class=\"elementor-widget-wrap elementor-element-populated\">\n\t\t\t\t\t\t<div class=\"elementor-element elementor-element-d192b0c elementor-widget elementor-widget-heading\" data-id=\"d192b0c\" data-element_type=\"widget\" data-e-type=\"widget\" data-widget_type=\"heading.default\">\n\t\t\t\t<div class=\"elementor-widget-container\">\n\t\t\t\t\t<h2 class=\"elementor-heading-title elementor-size-default\">Casa d'Espiritualitat de Pina<\/h2>\t\t\t\t<\/div>\n\t\t\t\t<\/div>\n\t\t\t\t\t<\/div>\n\t\t<\/div>\n\t\t\t\t<div class=\"elementor-column elementor-col-16 elementor-top-column elementor-element elementor-element-e03cc75\" data-id=\"e03cc75\" data-element_type=\"column\" data-e-type=\"column\">\n\t\t\t<div class=\"elementor-widget-wrap\">\n\t\t\t\t\t\t\t<\/div>\n\t\t<\/div>\n\t\t\t\t\t<\/div>\n\t\t<\/section>\n\t\t\t\t<section class=\"elementor-section elementor-top-section elementor-element elementor-element-355a6c1 elementor-section-boxed elementor-section-height-default elementor-section-height-default\" data-id=\"355a6c1\" data-element_type=\"section\" data-e-type=\"section\">\n\t\t\t\t\t\t<div class=\"elementor-container elementor-column-gap-default\">\n\t\t\t\t\t<div class=\"elementor-column elementor-col-100 elementor-top-column elementor-element elementor-element-793e5d3\" data-id=\"793e5d3\" data-element_type=\"column\" data-e-type=\"column\">\n\t\t\t<div class=\"elementor-widget-wrap elementor-element-populated\">\n\t\t\t\t\t\t<div class=\"elementor-element elementor-element-7993678 elementor-widget-divider--view-line elementor-widget elementor-widget-divider\" data-id=\"7993678\" data-element_type=\"widget\" data-e-type=\"widget\" data-widget_type=\"divider.default\">\n\t\t\t\t<div class=\"elementor-widget-container\">\n\t\t\t\t\t\t\t<div class=\"elementor-divider\">\n\t\t\t<span class=\"elementor-divider-separator\">\n\t\t\t\t\t\t<\/span>\n\t\t<\/div>\n\t\t\t\t\t\t<\/div>\n\t\t\t\t<\/div>\n\t\t\t\t\t<\/div>\n\t\t<\/div>\n\t\t\t\t\t<\/div>\n\t\t<\/section>\n\t\t\t\t<section class=\"elementor-section elementor-top-section elementor-element elementor-element-715b5da elementor-section-boxed elementor-section-height-default elementor-section-height-default\" data-id=\"715b5da\" data-element_type=\"section\" data-e-type=\"section\">\n\t\t\t\t\t\t<div class=\"elementor-container elementor-column-gap-default\">\n\t\t\t\t\t<div class=\"elementor-column elementor-col-25 elementor-top-column elementor-element elementor-element-28806e4\" data-id=\"28806e4\" data-element_type=\"column\" data-e-type=\"column\">\n\t\t\t<div class=\"elementor-widget-wrap\">\n\t\t\t\t\t\t\t<\/div>\n\t\t<\/div>\n\t\t\t\t<div class=\"elementor-column elementor-col-25 elementor-top-column elementor-element elementor-element-5d8ca00\" data-id=\"5d8ca00\" data-element_type=\"column\" data-e-type=\"column\">\n\t\t\t<div class=\"elementor-widget-wrap elementor-element-populated\">\n\t\t\t\t\t\t<div class=\"elementor-element elementor-element-0b9fe4f elementor-widget elementor-widget-image\" data-id=\"0b9fe4f\" data-element_type=\"widget\" data-e-type=\"widget\" data-widget_type=\"image.default\">\n\t\t\t\t<div class=\"elementor-widget-container\">\n\t\t\t\t\t\t\t\t\t\t\t\t\t\t\t<img fetchpriority=\"high\" decoding=\"async\" width=\"1024\" height=\"683\" src=\"https:\/\/www.hijasdelamisericordia.com\/wp-content\/uploads\/2022\/05\/pina-001-1024x683.jpg\" class=\"attachment-large size-large wp-image-11788\" alt=\"\" srcset=\"https:\/\/www.hijasdelamisericordia.com\/wp-content\/uploads\/2022\/05\/pina-001-1024x683.jpg 1024w, https:\/\/www.hijasdelamisericordia.com\/wp-content\/uploads\/2022\/05\/pina-001-300x200.jpg 300w, https:\/\/www.hijasdelamisericordia.com\/wp-content\/uploads\/2022\/05\/pina-001-768x512.jpg 768w, https:\/\/www.hijasdelamisericordia.com\/wp-content\/uploads\/2022\/05\/pina-001-1536x1024.jpg 1536w, https:\/\/www.hijasdelamisericordia.com\/wp-content\/uploads\/2022\/05\/pina-001-2048x1365.jpg 2048w, https:\/\/www.hijasdelamisericordia.com\/wp-content\/uploads\/2022\/05\/pina-001-930x620.jpg 930w\" sizes=\"(max-width: 1024px) 100vw, 1024px\" \/>\t\t\t\t\t\t\t\t\t\t\t\t\t\t\t<\/div>\n\t\t\t\t<\/div>\n\t\t\t\t\t<\/div>\n\t\t<\/div>\n\t\t\t\t<div class=\"elementor-column elementor-col-25 elementor-top-column elementor-element elementor-element-b329b98\" data-id=\"b329b98\" data-element_type=\"column\" data-e-type=\"column\">\n\t\t\t<div class=\"elementor-widget-wrap elementor-element-populated\">\n\t\t\t\t\t\t<div class=\"elementor-element elementor-element-8314856 elementor-widget elementor-widget-image\" data-id=\"8314856\" data-element_type=\"widget\" data-e-type=\"widget\" data-widget_type=\"image.default\">\n\t\t\t\t<div class=\"elementor-widget-container\">\n\t\t\t\t\t\t\t\t\t\t\t\t\t\t\t<img decoding=\"async\" width=\"1024\" height=\"683\" src=\"https:\/\/www.hijasdelamisericordia.com\/wp-content\/uploads\/2022\/05\/pina002-1024x683.jpeg\" class=\"attachment-large size-large wp-image-11800\" alt=\"\" srcset=\"https:\/\/www.hijasdelamisericordia.com\/wp-content\/uploads\/2022\/05\/pina002-1024x683.jpeg 1024w, https:\/\/www.hijasdelamisericordia.com\/wp-content\/uploads\/2022\/05\/pina002-300x200.jpeg 300w, https:\/\/www.hijasdelamisericordia.com\/wp-content\/uploads\/2022\/05\/pina002-768x512.jpeg 768w, https:\/\/www.hijasdelamisericordia.com\/wp-content\/uploads\/2022\/05\/pina002-1536x1024.jpeg 1536w, https:\/\/www.hijasdelamisericordia.com\/wp-content\/uploads\/2022\/05\/pina002-2048x1365.jpeg 2048w, https:\/\/www.hijasdelamisericordia.com\/wp-content\/uploads\/2022\/05\/pina002-930x620.jpeg 930w\" sizes=\"(max-width: 1024px) 100vw, 1024px\" \/>\t\t\t\t\t\t\t\t\t\t\t\t\t\t\t<\/div>\n\t\t\t\t<\/div>\n\t\t\t\t\t<\/div>\n\t\t<\/div>\n\t\t\t\t<div class=\"elementor-column elementor-col-25 elementor-top-column elementor-element elementor-element-7104153\" data-id=\"7104153\" data-element_type=\"column\" data-e-type=\"column\">\n\t\t\t<div class=\"elementor-widget-wrap\">\n\t\t\t\t\t\t\t<\/div>\n\t\t<\/div>\n\t\t\t\t\t<\/div>\n\t\t<\/section>\n\t\t\t\t<section class=\"elementor-section elementor-top-section elementor-element elementor-element-1001c1a elementor-section-boxed elementor-section-height-default elementor-section-height-default\" data-id=\"1001c1a\" data-element_type=\"section\" data-e-type=\"section\">\n\t\t\t\t\t\t<div class=\"elementor-container elementor-column-gap-default\">\n\t\t\t\t\t<div class=\"elementor-column elementor-col-16 elementor-top-column elementor-element elementor-element-e63a7ae\" data-id=\"e63a7ae\" data-element_type=\"column\" data-e-type=\"column\">\n\t\t\t<div class=\"elementor-widget-wrap\">\n\t\t\t\t\t\t\t<\/div>\n\t\t<\/div>\n\t\t\t\t<div class=\"elementor-column elementor-col-66 elementor-top-column elementor-element elementor-element-541fdd4\" data-id=\"541fdd4\" data-element_type=\"column\" data-e-type=\"column\">\n\t\t\t<div class=\"elementor-widget-wrap elementor-element-populated\">\n\t\t\t\t\t\t<div class=\"elementor-element elementor-element-e8a6530 elementor-widget elementor-widget-text-editor\" data-id=\"e8a6530\" data-element_type=\"widget\" data-e-type=\"widget\" data-widget_type=\"text-editor.default\">\n\t\t\t\t<div class=\"elementor-widget-container\">\n\t\t\t\t\t\t\t\t\t<p><span style=\"font-weight: 400;\">La Congregaci\u00f3 va n\u00e9ixer en aquesta casa; envoltada d'una atmosfera tranquil\u00b7la i serena, la bellesa del paisatge convida a la desconnexi\u00f3 i a la cura de la interioritat. \u00c9s un espai de silenci, de reflexi\u00f3\u2026 per viure'l de manera individual o en grup<\/span><\/p><p><span style=\"font-weight: 400;\">La Casa d'Espiritualitat de Pina es troba ubicada al petit nucli de Pina, al centre de l'illa de Mallorca, cosa que ens ofereix un entorn natural privilegiat per contemplar, respirar, trepitjar els camins de la pagesia de l'illa\u2026 A les rodalies, es troben llocs tan especials com el Santuari de Cura, el de Sant Honorat i el de Gr\u00e0cia, a la muntanya de Randa.<\/span><\/p><p><span style=\"font-weight: 400;\">El poble de Pina \u00e9s obert a totes les persones i grups que vulguin visitar-lo i gaudir de la seva pau i tranquil\u00b7litat. Tot i les seves petites dimensions, el poble t\u00e9 elements hist\u00f2rics i arquitect\u00f2nics de gran inter\u00e8s.\u00a0<\/span><\/p><p><span style=\"color: #008080;\"><b>INSTAL\u00b7LACIONS<\/b><\/span><\/p><ul><li style=\"font-weight: 400;\" aria-level=\"1\"><span style=\"font-weight: 400;\">19 habitacions amb bany (6 d'elles tenen bany compartit)<\/span><\/li><li style=\"font-weight: 400;\" aria-level=\"1\"><span style=\"font-weight: 400;\">11 habitacions amb bany com\u00fa<\/span><\/li><li style=\"font-weight: 400;\" aria-level=\"1\"><span style=\"font-weight: 400;\">Ascensor<\/span><\/li><li style=\"font-weight: 400;\" aria-level=\"1\"><span style=\"font-weight: 400;\">6 sales de diferents dimensions<\/span><\/li><li style=\"font-weight: 400;\" aria-level=\"1\"><span style=\"font-weight: 400;\">Sala polivalent amb equip audiovisual per a presentacions<\/span><\/li><li style=\"font-weight: 400;\" aria-level=\"1\"><span style=\"font-weight: 400;\">Wifi<\/span><\/li><li style=\"font-weight: 400;\" aria-level=\"1\"><span style=\"font-weight: 400;\">Menjador<\/span><\/li><li style=\"font-weight: 400;\" aria-level=\"1\"><span style=\"font-weight: 400;\">Capella<\/span><\/li><li style=\"font-weight: 400;\" aria-level=\"1\"><span style=\"font-weight: 400;\">Oratori<\/span><\/li><li style=\"font-weight: 400;\" aria-level=\"1\"><span style=\"font-weight: 400;\">Pati interior<\/span><\/li><li style=\"font-weight: 400;\" aria-level=\"1\"><span style=\"font-weight: 400;\">Jard\u00ed<\/span><\/li><li style=\"font-weight: 400;\" aria-level=\"1\"><span style=\"font-weight: 400;\">Espais adaptats a persones amb mobilitat redu\u00efda<\/span><\/li><\/ul><p>\u00a0<\/p><p><span style=\"color: #008080;\"><strong>SERVEIS<\/strong><\/span><\/p><ul><li style=\"font-weight: 400;\" aria-level=\"1\"><span style=\"font-weight: 400;\">Servei de menjador amb esmorzar, dinar, sopar i <\/span><i><span style=\"font-weight: 400;\">coffee break<\/span><\/i><\/li><li style=\"font-weight: 400;\" aria-level=\"1\"><span style=\"font-weight: 400;\">Visita a la Casa Museu de la Congregaci\u00f3<\/span><\/li><\/ul>\t\t\t\t\t\t\t\t<\/div>\n\t\t\t\t<\/div>\n\t\t\t\t\t<\/div>\n\t\t<\/div>\n\t\t\t\t<div class=\"elementor-column elementor-col-16 elementor-top-column elementor-element elementor-element-4a8a05f\" data-id=\"4a8a05f\" data-element_type=\"column\" data-e-type=\"column\">\n\t\t\t<div class=\"elementor-widget-wrap\">\n\t\t\t\t\t\t\t<\/div>\n\t\t<\/div>\n\t\t\t\t\t<\/div>\n\t\t<\/section>\n\t\t\t\t<section class=\"elementor-section elementor-top-section elementor-element elementor-element-76c0717 elementor-section-boxed elementor-section-height-default elementor-section-height-default\" data-id=\"76c0717\" data-element_type=\"section\" data-e-type=\"section\">\n\t\t\t\t\t\t<div class=\"elementor-container elementor-column-gap-default\">\n\t\t\t\t\t<div class=\"elementor-column elementor-col-25 elementor-top-column elementor-element elementor-element-3192935\" data-id=\"3192935\" data-element_type=\"column\" data-e-type=\"column\">\n\t\t\t<div class=\"elementor-widget-wrap\">\n\t\t\t\t\t\t\t<\/div>\n\t\t<\/div>\n\t\t\t\t<div class=\"elementor-column elementor-col-25 elementor-top-column elementor-element elementor-element-4725c00\" data-id=\"4725c00\" data-element_type=\"column\" data-e-type=\"column\">\n\t\t\t<div class=\"elementor-widget-wrap elementor-element-populated\">\n\t\t\t\t\t\t<div class=\"elementor-element elementor-element-8ca29c2 elementor-widget elementor-widget-image\" data-id=\"8ca29c2\" data-element_type=\"widget\" data-e-type=\"widget\" data-widget_type=\"image.default\">\n\t\t\t\t<div class=\"elementor-widget-container\">\n\t\t\t\t\t\t\t\t\t\t\t\t\t\t\t<img decoding=\"async\" width=\"1024\" height=\"683\" src=\"https:\/\/www.hijasdelamisericordia.com\/wp-content\/uploads\/2022\/05\/pina-003habitacions1-1024x683.jpg\" class=\"attachment-large size-large wp-image-11792\" alt=\"\" srcset=\"https:\/\/www.hijasdelamisericordia.com\/wp-content\/uploads\/2022\/05\/pina-003habitacions1-1024x683.jpg 1024w, https:\/\/www.hijasdelamisericordia.com\/wp-content\/uploads\/2022\/05\/pina-003habitacions1-300x200.jpg 300w, https:\/\/www.hijasdelamisericordia.com\/wp-content\/uploads\/2022\/05\/pina-003habitacions1-768x512.jpg 768w, https:\/\/www.hijasdelamisericordia.com\/wp-content\/uploads\/2022\/05\/pina-003habitacions1-1536x1024.jpg 1536w, https:\/\/www.hijasdelamisericordia.com\/wp-content\/uploads\/2022\/05\/pina-003habitacions1-2048x1365.jpg 2048w, https:\/\/www.hijasdelamisericordia.com\/wp-content\/uploads\/2022\/05\/pina-003habitacions1-930x620.jpg 930w\" sizes=\"(max-width: 1024px) 100vw, 1024px\" \/>\t\t\t\t\t\t\t\t\t\t\t\t\t\t\t<\/div>\n\t\t\t\t<\/div>\n\t\t\t\t\t<\/div>\n\t\t<\/div>\n\t\t\t\t<div class=\"elementor-column elementor-col-25 elementor-top-column elementor-element elementor-element-117c2ac\" data-id=\"117c2ac\" data-element_type=\"column\" data-e-type=\"column\">\n\t\t\t<div class=\"elementor-widget-wrap elementor-element-populated\">\n\t\t\t\t\t\t<div class=\"elementor-element elementor-element-b1b222d elementor-widget elementor-widget-image\" data-id=\"b1b222d\" data-element_type=\"widget\" data-e-type=\"widget\" data-widget_type=\"image.default\">\n\t\t\t\t<div class=\"elementor-widget-container\">\n\t\t\t\t\t\t\t\t\t\t\t\t\t\t\t<img loading=\"lazy\" decoding=\"async\" width=\"1024\" height=\"683\" src=\"https:\/\/www.hijasdelamisericordia.com\/wp-content\/uploads\/2022\/05\/Pina-004sala_polivalent-1024x683.jpg\" class=\"attachment-large size-large wp-image-11796\" alt=\"\" srcset=\"https:\/\/www.hijasdelamisericordia.com\/wp-content\/uploads\/2022\/05\/Pina-004sala_polivalent-1024x683.jpg 1024w, https:\/\/www.hijasdelamisericordia.com\/wp-content\/uploads\/2022\/05\/Pina-004sala_polivalent-300x200.jpg 300w, https:\/\/www.hijasdelamisericordia.com\/wp-content\/uploads\/2022\/05\/Pina-004sala_polivalent-768x512.jpg 768w, https:\/\/www.hijasdelamisericordia.com\/wp-content\/uploads\/2022\/05\/Pina-004sala_polivalent-1536x1024.jpg 1536w, https:\/\/www.hijasdelamisericordia.com\/wp-content\/uploads\/2022\/05\/Pina-004sala_polivalent-2048x1365.jpg 2048w, https:\/\/www.hijasdelamisericordia.com\/wp-content\/uploads\/2022\/05\/Pina-004sala_polivalent-930x620.jpg 930w\" sizes=\"(max-width: 1024px) 100vw, 1024px\" \/>\t\t\t\t\t\t\t\t\t\t\t\t\t\t\t<\/div>\n\t\t\t\t<\/div>\n\t\t\t\t\t<\/div>\n\t\t<\/div>\n\t\t\t\t<div class=\"elementor-column elementor-col-25 elementor-top-column elementor-element elementor-element-5a0f3e1\" data-id=\"5a0f3e1\" data-element_type=\"column\" data-e-type=\"column\">\n\t\t\t<div class=\"elementor-widget-wrap\">\n\t\t\t\t\t\t\t<\/div>\n\t\t<\/div>\n\t\t\t\t\t<\/div>\n\t\t<\/section>\n\t\t\t\t<section class=\"elementor-section elementor-top-section elementor-element elementor-element-bbf1002 elementor-section-boxed elementor-section-height-default elementor-section-height-default\" data-id=\"bbf1002\" data-element_type=\"section\" data-e-type=\"section\">\n\t\t\t\t\t\t<div class=\"elementor-container elementor-column-gap-default\">\n\t\t\t\t\t<div class=\"elementor-column elementor-col-16 elementor-top-column elementor-element elementor-element-f65009f\" data-id=\"f65009f\" data-element_type=\"column\" data-e-type=\"column\">\n\t\t\t<div class=\"elementor-widget-wrap\">\n\t\t\t\t\t\t\t<\/div>\n\t\t<\/div>\n\t\t\t\t<div class=\"elementor-column elementor-col-66 elementor-top-column elementor-element elementor-element-7e9fee6\" data-id=\"7e9fee6\" data-element_type=\"column\" data-e-type=\"column\">\n\t\t\t<div class=\"elementor-widget-wrap elementor-element-populated\">\n\t\t\t\t\t\t<div class=\"elementor-element elementor-element-67d2d1a elementor-widget elementor-widget-google_maps\" data-id=\"67d2d1a\" data-element_type=\"widget\" data-e-type=\"widget\" data-widget_type=\"google_maps.default\">\n\t\t\t\t<div class=\"elementor-widget-container\">\n\t\t\t\t\t\t\t<div class=\"elementor-custom-embed\">\n\t\t\t<iframe loading=\"lazy\"\n\t\t\t\t\tsrc=\"https:\/\/maps.google.com\/maps?q=Carrer%20Germans%20Fundadors%2C%201%2C%2007220%20-%20Pina%20%28Algaida%29&#038;t=m&#038;z=13&#038;output=embed&#038;iwloc=near\"\n\t\t\t\t\ttitle=\"Carrer Germans Fundadors, 1, 07220 - Pina (Algaida)\"\n\t\t\t\t\taria-label=\"Carrer Germans Fundadors, 1, 07220 - Pina (Algaida)\"\n\t\t\t><\/iframe>\n\t\t<\/div>\n\t\t\t\t\t\t<\/div>\n\t\t\t\t<\/div>\n\t\t\t\t\t<\/div>\n\t\t<\/div>\n\t\t\t\t<div class=\"elementor-column elementor-col-16 elementor-top-column elementor-element elementor-element-f02f88f\" data-id=\"f02f88f\" data-element_type=\"column\" data-e-type=\"column\">\n\t\t\t<div class=\"elementor-widget-wrap\">\n\t\t\t\t\t\t\t<\/div>\n\t\t<\/div>\n\t\t\t\t\t<\/div>\n\t\t<\/section>\n\t\t\t\t<section class=\"elementor-section elementor-top-section elementor-element elementor-element-d0e48b5 elementor-section-boxed elementor-section-height-default elementor-section-height-default\" data-id=\"d0e48b5\" data-element_type=\"section\" data-e-type=\"section\">\n\t\t\t\t\t\t<div class=\"elementor-container elementor-column-gap-default\">\n\t\t\t\t\t<div class=\"elementor-column elementor-col-16 elementor-top-column elementor-element elementor-element-008b2d6\" data-id=\"008b2d6\" data-element_type=\"column\" data-e-type=\"column\">\n\t\t\t<div class=\"elementor-widget-wrap\">\n\t\t\t\t\t\t\t<\/div>\n\t\t<\/div>\n\t\t\t\t<div class=\"elementor-column elementor-col-66 elementor-top-column elementor-element elementor-element-01f7b9a\" data-id=\"01f7b9a\" data-element_type=\"column\" data-e-type=\"column\">\n\t\t\t<div class=\"elementor-widget-wrap elementor-element-populated\">\n\t\t\t\t\t\t<div class=\"elementor-element elementor-element-248b5d5 elementor-widget elementor-widget-text-editor\" data-id=\"248b5d5\" data-element_type=\"widget\" data-e-type=\"widget\" data-widget_type=\"text-editor.default\">\n\t\t\t\t<div class=\"elementor-widget-container\">\n\t\t\t\t\t\t\t\t\t<p class=\"font_8\" style=\"text-align: center;\"><span style=\"color: #009eba;\">CASA D&#8217;ESPIRITUALITAT DE PINA<\/span><br>Carrer Germans Fundadors, 1, 07220 &#8211; Pina (Algaida)<br>Tel. 971 665 067&nbsp;<br>Mov. 606 953 904<\/p>\n<p class=\"font_8\" style=\"text-align: center;\"><a href=\"mailto:casapinaffm@gmail.com\" target=\"_self\">casapinaffm@gmail.com<\/a><\/p>\t\t\t\t\t\t\t\t<\/div>\n\t\t\t\t<\/div>\n\t\t\t\t\t<\/div>\n\t\t<\/div>\n\t\t\t\t<div class=\"elementor-column elementor-col-16 elementor-top-column elementor-element elementor-element-2033644\" data-id=\"2033644\" data-element_type=\"column\" data-e-type=\"column\">\n\t\t\t<div class=\"elementor-widget-wrap\">\n\t\t\t\t\t\t\t<\/div>\n\t\t<\/div>\n\t\t\t\t\t<\/div>\n\t\t<\/section>\n\t\t\t\t<section class=\"elementor-section elementor-top-section elementor-element elementor-element-e513a7d elementor-section-boxed elementor-section-height-default elementor-section-height-default\" data-id=\"e513a7d\" data-element_type=\"section\" data-e-type=\"section\">\n\t\t\t\t\t\t<div class=\"elementor-container elementor-column-gap-default\">\n\t\t\t\t\t<div class=\"elementor-column elementor-col-100 elementor-top-column elementor-element elementor-element-eec9bab\" data-id=\"eec9bab\" data-element_type=\"column\" data-e-type=\"column\">\n\t\t\t<div class=\"elementor-widget-wrap elementor-element-populated\">\n\t\t\t\t\t\t<div class=\"elementor-element elementor-element-2cc7712 elementor-widget elementor-widget-spacer\" data-id=\"2cc7712\" data-element_type=\"widget\" data-e-type=\"widget\" data-widget_type=\"spacer.default\">\n\t\t\t\t<div class=\"elementor-widget-container\">\n\t\t\t\t\t\t\t<div class=\"elementor-spacer\">\n\t\t\t<div class=\"elementor-spacer-inner\"><\/div>\n\t\t<\/div>\n\t\t\t\t\t\t<\/div>\n\t\t\t\t<\/div>\n\t\t\t\t\t<\/div>\n\t\t<\/div>\n\t\t\t\t\t<\/div>\n\t\t<\/section>\n\t\t\t\t<\/div>","protected":false},"excerpt":{"rendered":"<p>Casa de Espiritualidad de Pina La Congregaci\u00f3n naci\u00f3 en esta casa; rodeada de una atm\u00f3sfera apacible y serena, la belleza del paisaje invita a la desconexi\u00f3n y al cuidado de la interioridad. Es un espacio, de silencio, de reflexi\u00f3n\u2026 para vivirlo de manera individual o en grupo La Casa de Espiritualidad de Pina se encuentra&hellip;&nbsp;<a href=\"https:\/\/www.hijasdelamisericordia.com\/ca\/casa-despiritualitat-de-pina-mallorca\/\" rel=\"bookmark\">Llegiu m\u00e9s &raquo;<span class=\"screen-reader-text\">Casa D&#8217;Espiritualitat de Pina (Mallorca)<\/span><\/a><\/p>","protected":false},"author":1,"featured_media":0,"parent":0,"menu_order":0,"comment_status":"closed","ping_status":"closed","template":"page-templates\/template-pagebuilder-full-width.php","meta":{"sfsi_plus_gutenberg_text_before_share":"","sfsi_plus_gutenberg_show_text_before_share":"","sfsi_plus_gutenberg_icon_type":"","sfsi_plus_gutenberg_icon_alignemt":"","sfsi_plus_gutenburg_max_per_row":"","neve_meta_sidebar":"","neve_meta_container":"","neve_meta_enable_content_width":"","neve_meta_content_width":0,"neve_meta_title_alignment":"","neve_meta_author_avatar":"","neve_post_elements_order":"","neve_meta_disable_header":"","neve_meta_disable_footer":"","neve_meta_disable_title":"","footnotes":""},"class_list":["post-11787","page","type-page","status-publish","hentry"],"_links":{"self":[{"href":"https:\/\/www.hijasdelamisericordia.com\/ca\/wp-json\/wp\/v2\/pages\/11787","targetHints":{"allow":["GET"]}}],"collection":[{"href":"https:\/\/www.hijasdelamisericordia.com\/ca\/wp-json\/wp\/v2\/pages"}],"about":[{"href":"https:\/\/www.hijasdelamisericordia.com\/ca\/wp-json\/wp\/v2\/types\/page"}],"author":[{"embeddable":true,"href":"https:\/\/www.hijasdelamisericordia.com\/ca\/wp-json\/wp\/v2\/users\/1"}],"replies":[{"embeddable":true,"href":"https:\/\/www.hijasdelamisericordia.com\/ca\/wp-json\/wp\/v2\/comments?post=11787"}],"version-history":[{"count":0,"href":"https:\/\/www.hijasdelamisericordia.com\/ca\/wp-json\/wp\/v2\/pages\/11787\/revisions"}],"wp:attachment":[{"href":"https:\/\/www.hijasdelamisericordia.com\/ca\/wp-json\/wp\/v2\/media?parent=11787"}],"curies":[{"name":"wp","href":"https:\/\/api.w.org\/{rel}","templated":true}]}}