{"id":12212,"date":"2022-12-15T16:59:37","date_gmt":"2022-12-15T14:59:37","guid":{"rendered":"https:\/\/www.hijasdelamisericordia.com\/?page_id=12212"},"modified":"2023-01-19T16:21:03","modified_gmt":"2023-01-19T14:21:03","slug":"la-congregacion","status":"publish","type":"page","link":"https:\/\/www.hijasdelamisericordia.com\/ca\/la-congregacion\/","title":{"rendered":"La Congregaci\u00f3"},"content":{"rendered":"<div data-elementor-type=\"wp-page\" data-elementor-id=\"12212\" class=\"elementor elementor-12212\" data-elementor-post-type=\"page\">\n\t\t\t\t\t\t<section class=\"elementor-section elementor-top-section elementor-element elementor-element-d537016 elementor-section-boxed elementor-section-height-default elementor-section-height-default\" data-id=\"d537016\" data-element_type=\"section\" data-e-type=\"section\">\n\t\t\t\t\t\t<div class=\"elementor-container elementor-column-gap-default\">\n\t\t\t\t\t<div class=\"elementor-column elementor-col-100 elementor-top-column elementor-element elementor-element-f6a0faf\" data-id=\"f6a0faf\" data-element_type=\"column\" data-e-type=\"column\">\n\t\t\t<div class=\"elementor-widget-wrap elementor-element-populated\">\n\t\t\t\t\t\t<div class=\"elementor-element elementor-element-914be27 elementor-widget elementor-widget-heading\" data-id=\"914be27\" data-element_type=\"widget\" data-e-type=\"widget\" data-widget_type=\"heading.default\">\n\t\t\t\t<div class=\"elementor-widget-container\">\n\t\t\t\t\t<h1 class=\"elementor-heading-title elementor-size-default\">La Congregaci\u00f3<\/h1>\t\t\t\t<\/div>\n\t\t\t\t<\/div>\n\t\t\t\t\t<\/div>\n\t\t<\/div>\n\t\t\t\t\t<\/div>\n\t\t<\/section>\n\t\t\t\t<section class=\"elementor-section elementor-top-section elementor-element elementor-element-f7d6b77 elementor-section-boxed elementor-section-height-default elementor-section-height-default\" data-id=\"f7d6b77\" data-element_type=\"section\" data-e-type=\"section\">\n\t\t\t\t\t\t<div class=\"elementor-container elementor-column-gap-default\">\n\t\t\t\t\t<div class=\"elementor-column elementor-col-100 elementor-top-column elementor-element elementor-element-34112b1\" data-id=\"34112b1\" data-element_type=\"column\" data-e-type=\"column\">\n\t\t\t<div class=\"elementor-widget-wrap elementor-element-populated\">\n\t\t\t\t\t\t<div class=\"elementor-element elementor-element-933ad15 elementor-widget elementor-widget-spacer\" data-id=\"933ad15\" data-element_type=\"widget\" data-e-type=\"widget\" data-widget_type=\"spacer.default\">\n\t\t\t\t<div class=\"elementor-widget-container\">\n\t\t\t\t\t\t\t<div class=\"elementor-spacer\">\n\t\t\t<div class=\"elementor-spacer-inner\"><\/div>\n\t\t<\/div>\n\t\t\t\t\t\t<\/div>\n\t\t\t\t<\/div>\n\t\t\t\t\t<\/div>\n\t\t<\/div>\n\t\t\t\t\t<\/div>\n\t\t<\/section>\n\t\t\t\t<section class=\"elementor-section elementor-top-section elementor-element elementor-element-812c099 elementor-section-boxed elementor-section-height-default elementor-section-height-default\" data-id=\"812c099\" data-element_type=\"section\" data-e-type=\"section\">\n\t\t\t\t\t\t<div class=\"elementor-container elementor-column-gap-default\">\n\t\t\t\t\t<div class=\"elementor-column elementor-col-33 elementor-top-column elementor-element elementor-element-fb77f32\" data-id=\"fb77f32\" data-element_type=\"column\" data-e-type=\"column\">\n\t\t\t<div class=\"elementor-widget-wrap elementor-element-populated\">\n\t\t\t\t\t\t<div class=\"elementor-element elementor-element-08c2ceb elementor-widget elementor-widget-image\" data-id=\"08c2ceb\" data-element_type=\"widget\" data-e-type=\"widget\" data-widget_type=\"image.default\">\n\t\t\t\t<div class=\"elementor-widget-container\">\n\t\t\t\t\t\t\t\t\t\t\t\t\t\t\t<img fetchpriority=\"high\" decoding=\"async\" width=\"300\" height=\"584\" src=\"https:\/\/www.hijasdelamisericordia.com\/wp-content\/uploads\/2022\/12\/otras-actividades-1.png\" class=\"attachment-1536x1536 size-1536x1536 wp-image-12219\" alt=\"\" srcset=\"https:\/\/www.hijasdelamisericordia.com\/wp-content\/uploads\/2022\/12\/otras-actividades-1.png 300w, https:\/\/www.hijasdelamisericordia.com\/wp-content\/uploads\/2022\/12\/otras-actividades-1-154x300.png 154w\" sizes=\"(max-width: 300px) 100vw, 300px\" \/>\t\t\t\t\t\t\t\t\t\t\t\t\t\t\t<\/div>\n\t\t\t\t<\/div>\n\t\t\t\t\t<\/div>\n\t\t<\/div>\n\t\t\t\t<div class=\"elementor-column elementor-col-66 elementor-top-column elementor-element elementor-element-953aadd\" data-id=\"953aadd\" data-element_type=\"column\" data-e-type=\"column\">\n\t\t\t<div class=\"elementor-widget-wrap elementor-element-populated\">\n\t\t\t\t\t\t<div class=\"elementor-element elementor-element-95da656 elementor-widget elementor-widget-text-editor\" data-id=\"95da656\" data-element_type=\"widget\" data-e-type=\"widget\" data-widget_type=\"text-editor.default\">\n\t\t\t\t<div class=\"elementor-widget-container\">\n\t\t\t\t\t\t\t\t\t<p><span style=\"font-weight: 400;\">El 1856, el sacerdot Gabriel Mari\u00e0 i la seva germana Josepa Maria van fundar la nostra Congregaci\u00f3 a Pina, Mallorca, davant la prec\u00e0ria realitat que vivien els habitants de les zones rurals de l'illa, molts sense acc\u00e9s a l'educaci\u00f3 i sense possibilitats de rebre atenci\u00f3 sanit\u00e0ria.<\/span><\/p><p><span style=\"font-weight: 400;\">Inspirats en la regla franciscana, el prop\u00f2sit que els va guiar va ser \u201cinclinar el cor a la mis\u00e8ria m\u00e9s gran\u201d des del carisma de la miseric\u00f2rdia.<\/span><\/p><p><span style=\"font-weight: 400;\">Des de llavors, les Franciscanes Filles de la Miseric\u00f2rdia iniciam la nostra missi\u00f3, primer a les poblacions rurals de l'illa i m\u00e9s tard en altres llocs, sense perdre de vista que aquesta missi\u00f3 havia d'estendre's en poblacions petites i atenent persones en situaci\u00f3 de vulnerabilitat, on existien la pobresa, situacions de crisi, cat\u00e0strofes i guerres.\u00a0<\/span><\/p><p><span style=\"font-weight: 400;\">Davant d'aquestes realitats, la nostra ess\u00e8ncia es manifesta plenament en les germanes que, al llarg de la nostra hist\u00f2ria, han donat la seva vida i s\u00f3n exemples d'amor, perd\u00f3 i llibertat enmig de la viol\u00e8ncia i el conflicte.<\/span><\/p><p><span style=\"font-weight: 400;\">Avui, el nostre estil de vida en comunitat continua caracteritzant-se per la senzillesa, l'austeritat i el compartir propis de l'espiritualitat franciscana, i la nostra feina continua sent al costat de les persones en qualsevol situaci\u00f3 de vulnerabilitat.\u00a0<\/span><\/p><p><span style=\"font-weight: 400;\">El nostre origen i ra\u00f3 de ser s'han adaptat a les realitats esdevingudes al llarg dels anys. L'evoluci\u00f3 experimentada ens ha fet conscients de l'actualitzaci\u00f3 necess\u00e0ria del  carisma de la miseric\u00f2rdia, adaptant-lo a les necessitats reclamades pels canvis socials, sense perdre la seva identitat. <\/span><i><span style=\"font-weight: 400;\">carisma de la miseric\u00f2rdia<\/span><\/i><span style=\"font-weight: 400;\">, adaptant-lo a les necessitats reclamades pels canvis socials, sense perdre la seva identitat.\u00a0<\/span><\/p><p><span style=\"font-weight: 400;\">Misol (Miseric\u00f2rdia i Solidaritat), Mater (organitzaci\u00f3 amb la missi\u00f3 de millorar la qualitat de vida de les persones amb diversitat funcional i de les seves fam\u00edlies), els col\u00b7legis San Francisco d\u2019Ass\u00eds, les comunitats de Germanes i l'Hospital San Francisco de As\u00eds, juntament amb altres projectes, conformen una Congregaci\u00f3 viva que, actualment, \u00e9s present a Mallorca, Menorca, a l'Espanya peninsular, a It\u00e0lia, Bol\u00edvia, Per\u00fa i Texas (Estats Units).\u00a0\u00a0<\/span><\/p>\t\t\t\t\t\t\t\t<\/div>\n\t\t\t\t<\/div>\n\t\t\t\t\t<\/div>\n\t\t<\/div>\n\t\t\t\t\t<\/div>\n\t\t<\/section>\n\t\t\t\t<section class=\"elementor-section elementor-top-section elementor-element elementor-element-adc158f elementor-section-boxed elementor-section-height-default elementor-section-height-default\" data-id=\"adc158f\" data-element_type=\"section\" data-e-type=\"section\">\n\t\t\t\t\t\t<div class=\"elementor-container elementor-column-gap-default\">\n\t\t\t\t\t<div class=\"elementor-column elementor-col-16 elementor-top-column elementor-element elementor-element-ee5ff8a\" data-id=\"ee5ff8a\" data-element_type=\"column\" data-e-type=\"column\">\n\t\t\t<div class=\"elementor-widget-wrap elementor-element-populated\">\n\t\t\t\t\t\t<div class=\"elementor-element elementor-element-dd8814f elementor-widget elementor-widget-image\" data-id=\"dd8814f\" data-element_type=\"widget\" data-e-type=\"widget\" data-widget_type=\"image.default\">\n\t\t\t\t<div class=\"elementor-widget-container\">\n\t\t\t\t\t\t\t\t\t\t\t\t\t\t\t\t<a href=\"https:\/\/www.misolfranciscanas.org\/\">\n\t\t\t\t\t\t\t<img decoding=\"async\" width=\"1024\" height=\"322\" src=\"https:\/\/www.hijasdelamisericordia.com\/wp-content\/uploads\/2022\/05\/LOGO-NOU-MISOL-1024x322.png\" class=\"attachment-large size-large wp-image-11697\" alt=\"\" srcset=\"https:\/\/www.hijasdelamisericordia.com\/wp-content\/uploads\/2022\/05\/LOGO-NOU-MISOL-1024x322.png 1024w, https:\/\/www.hijasdelamisericordia.com\/wp-content\/uploads\/2022\/05\/LOGO-NOU-MISOL-300x94.png 300w, https:\/\/www.hijasdelamisericordia.com\/wp-content\/uploads\/2022\/05\/LOGO-NOU-MISOL-768x242.png 768w, https:\/\/www.hijasdelamisericordia.com\/wp-content\/uploads\/2022\/05\/LOGO-NOU-MISOL.png 1280w\" sizes=\"(max-width: 1024px) 100vw, 1024px\" \/>\t\t\t\t\t\t\t\t<\/a>\n\t\t\t\t\t\t\t\t\t\t\t\t\t\t\t<\/div>\n\t\t\t\t<\/div>\n\t\t\t\t\t<\/div>\n\t\t<\/div>\n\t\t\t\t<div class=\"elementor-column elementor-col-16 elementor-top-column elementor-element elementor-element-27959e8\" data-id=\"27959e8\" data-element_type=\"column\" data-e-type=\"column\">\n\t\t\t<div class=\"elementor-widget-wrap elementor-element-populated\">\n\t\t\t\t\t\t<div class=\"elementor-element elementor-element-dee1616 elementor-widget elementor-widget-image\" data-id=\"dee1616\" data-element_type=\"widget\" data-e-type=\"widget\" data-widget_type=\"image.default\">\n\t\t\t\t<div class=\"elementor-widget-container\">\n\t\t\t\t\t\t\t\t\t\t\t\t\t\t\t\t<a href=\"https:\/\/www.sfassis.org\/\">\n\t\t\t\t\t\t\t<img decoding=\"async\" width=\"300\" height=\"129\" src=\"https:\/\/www.hijasdelamisericordia.com\/wp-content\/uploads\/2022\/05\/LOGO-CSFA-T.png\" class=\"attachment-large size-large wp-image-11689\" alt=\"\" \/>\t\t\t\t\t\t\t\t<\/a>\n\t\t\t\t\t\t\t\t\t\t\t\t\t\t\t<\/div>\n\t\t\t\t<\/div>\n\t\t\t\t\t<\/div>\n\t\t<\/div>\n\t\t\t\t<div class=\"elementor-column elementor-col-16 elementor-top-column elementor-element elementor-element-79a0dac\" data-id=\"79a0dac\" data-element_type=\"column\" data-e-type=\"column\">\n\t\t\t<div class=\"elementor-widget-wrap elementor-element-populated\">\n\t\t\t\t\t\t<div class=\"elementor-element elementor-element-2447bda elementor-widget elementor-widget-image\" data-id=\"2447bda\" data-element_type=\"widget\" data-e-type=\"widget\" data-widget_type=\"image.default\">\n\t\t\t\t<div class=\"elementor-widget-container\">\n\t\t\t\t\t\t\t\t\t\t\t\t\t\t\t\t<a href=\"http:\/\/orgmater.com\">\n\t\t\t\t\t\t\t<img loading=\"lazy\" decoding=\"async\" width=\"300\" height=\"121\" src=\"https:\/\/www.hijasdelamisericordia.com\/wp-content\/uploads\/2022\/05\/LOGO-MATER-T.png\" class=\"attachment-large size-large wp-image-11692\" alt=\"\" \/>\t\t\t\t\t\t\t\t<\/a>\n\t\t\t\t\t\t\t\t\t\t\t\t\t\t\t<\/div>\n\t\t\t\t<\/div>\n\t\t\t\t\t<\/div>\n\t\t<\/div>\n\t\t\t\t<div class=\"elementor-column elementor-col-16 elementor-top-column elementor-element elementor-element-45f69ce\" data-id=\"45f69ce\" data-element_type=\"column\" data-e-type=\"column\">\n\t\t\t<div class=\"elementor-widget-wrap elementor-element-populated\">\n\t\t\t\t\t\t<div class=\"elementor-element elementor-element-341ff6b elementor-widget elementor-widget-image\" data-id=\"341ff6b\" data-element_type=\"widget\" data-e-type=\"widget\" data-widget_type=\"image.default\">\n\t\t\t\t<div class=\"elementor-widget-container\">\n\t\t\t\t\t\t\t\t\t\t\t\t\t\t\t<img loading=\"lazy\" decoding=\"async\" width=\"1020\" height=\"534\" src=\"https:\/\/www.hijasdelamisericordia.com\/wp-content\/uploads\/2023\/01\/IMG-20221110-WA0018.jpg\" class=\"attachment-large size-large wp-image-12326\" alt=\"\" srcset=\"https:\/\/www.hijasdelamisericordia.com\/wp-content\/uploads\/2023\/01\/IMG-20221110-WA0018.jpg 1020w, https:\/\/www.hijasdelamisericordia.com\/wp-content\/uploads\/2023\/01\/IMG-20221110-WA0018-300x157.jpg 300w, https:\/\/www.hijasdelamisericordia.com\/wp-content\/uploads\/2023\/01\/IMG-20221110-WA0018-768x402.jpg 768w, https:\/\/www.hijasdelamisericordia.com\/wp-content\/uploads\/2023\/01\/IMG-20221110-WA0018-18x9.jpg 18w\" sizes=\"(max-width: 1020px) 100vw, 1020px\" \/>\t\t\t\t\t\t\t\t\t\t\t\t\t\t\t<\/div>\n\t\t\t\t<\/div>\n\t\t\t\t\t<\/div>\n\t\t<\/div>\n\t\t\t\t<div class=\"elementor-column elementor-col-16 elementor-top-column elementor-element elementor-element-3768f97\" data-id=\"3768f97\" data-element_type=\"column\" data-e-type=\"column\">\n\t\t\t<div class=\"elementor-widget-wrap elementor-element-populated\">\n\t\t\t\t\t\t<div class=\"elementor-element elementor-element-1bfd08a elementor-widget elementor-widget-image\" data-id=\"1bfd08a\" data-element_type=\"widget\" data-e-type=\"widget\" data-widget_type=\"image.default\">\n\t\t\t\t<div class=\"elementor-widget-container\">\n\t\t\t\t\t\t\t\t\t\t\t\t<figure class=\"wp-caption\">\n\t\t\t\t\t\t\t\t\t\t\t<a href=\"https:\/\/www.hijasdelamisericordia.com\/ca\/otras-actividades-de-las-comunidades-de-hermanas\/\">\n\t\t\t\t\t\t\t<img loading=\"lazy\" decoding=\"async\" width=\"300\" height=\"168\" src=\"https:\/\/www.hijasdelamisericordia.com\/wp-content\/uploads\/2023\/01\/misionotras.png\" class=\"attachment-large size-large wp-image-12327\" alt=\"\" srcset=\"https:\/\/www.hijasdelamisericordia.com\/wp-content\/uploads\/2023\/01\/misionotras.png 300w, https:\/\/www.hijasdelamisericordia.com\/wp-content\/uploads\/2023\/01\/misionotras-18x10.png 18w\" sizes=\"(max-width: 300px) 100vw, 300px\" \/>\t\t\t\t\t\t\t\t<\/a>\n\t\t\t\t\t\t\t\t\t\t\t<figcaption class=\"widget-image-caption wp-caption-text\">Altres activitats de les comunitats germanes<\/figcaption>\n\t\t\t\t\t\t\t\t\t\t<\/figure>\n\t\t\t\t\t\t\t\t\t<\/div>\n\t\t\t\t<\/div>\n\t\t\t\t\t<\/div>\n\t\t<\/div>\n\t\t\t\t<div class=\"elementor-column elementor-col-16 elementor-top-column elementor-element elementor-element-fd1035e\" data-id=\"fd1035e\" data-element_type=\"column\" data-e-type=\"column\">\n\t\t\t<div class=\"elementor-widget-wrap elementor-element-populated\">\n\t\t\t\t\t\t<div class=\"elementor-element elementor-element-dc25b5a elementor-widget elementor-widget-image\" data-id=\"dc25b5a\" data-element_type=\"widget\" data-e-type=\"widget\" data-widget_type=\"image.default\">\n\t\t\t\t<div class=\"elementor-widget-container\">\n\t\t\t\t\t\t\t\t\t\t\t\t\t\t\t\t<a href=\"https:\/\/www.hijasdelamisericordia.com\/ca\/otros-proyectos\/\">\n\t\t\t\t\t\t\t<img decoding=\"async\" src=\"https:\/\/www.hijasdelamisericordia.com\/wp-content\/uploads\/2023\/01\/casas-CAT-copia.png\" title=\"\" alt=\"\" loading=\"lazy\" \/>\t\t\t\t\t\t\t\t<\/a>\n\t\t\t\t\t\t\t\t\t\t\t\t\t\t\t<\/div>\n\t\t\t\t<\/div>\n\t\t\t\t\t<\/div>\n\t\t<\/div>\n\t\t\t\t\t<\/div>\n\t\t<\/section>\n\t\t\t\t<section class=\"elementor-section elementor-top-section elementor-element elementor-element-23afb9d elementor-section-boxed elementor-section-height-default elementor-section-height-default\" data-id=\"23afb9d\" data-element_type=\"section\" data-e-type=\"section\">\n\t\t\t\t\t\t<div class=\"elementor-container elementor-column-gap-default\">\n\t\t\t\t\t<div class=\"elementor-column elementor-col-100 elementor-top-column elementor-element elementor-element-d101ccf\" data-id=\"d101ccf\" data-element_type=\"column\" data-e-type=\"column\">\n\t\t\t<div class=\"elementor-widget-wrap elementor-element-populated\">\n\t\t\t\t\t\t<div class=\"elementor-element elementor-element-bb4cc2f elementor-widget elementor-widget-spacer\" data-id=\"bb4cc2f\" data-element_type=\"widget\" data-e-type=\"widget\" data-widget_type=\"spacer.default\">\n\t\t\t\t<div class=\"elementor-widget-container\">\n\t\t\t\t\t\t\t<div class=\"elementor-spacer\">\n\t\t\t<div class=\"elementor-spacer-inner\"><\/div>\n\t\t<\/div>\n\t\t\t\t\t\t<\/div>\n\t\t\t\t<\/div>\n\t\t\t\t\t<\/div>\n\t\t<\/div>\n\t\t\t\t\t<\/div>\n\t\t<\/section>\n\t\t\t\t<\/div>","protected":false},"excerpt":{"rendered":"<p>La Congregaci\u00f3n En 1856, el sacerdote Gabriel Mariano y su hermana Josefa Mar\u00eda fundaron nuestra Congregaci\u00f3n en Pina, Mallorca, ante la precaria realidad que viv\u00edan los habitantes de las zonas rurales de la isla, muchos de ellos sin acceso a la educaci\u00f3n y sin posibilidades de recibir atenci\u00f3n sanitaria. Inspirados en la regla franciscana, el&hellip;&nbsp;<a href=\"https:\/\/www.hijasdelamisericordia.com\/ca\/la-congregacion\/\" rel=\"bookmark\">Llegiu m\u00e9s &raquo;<span class=\"screen-reader-text\">La Congregaci\u00f3<\/span><\/a><\/p>","protected":false},"author":1,"featured_media":0,"parent":0,"menu_order":0,"comment_status":"closed","ping_status":"closed","template":"page-templates\/template-pagebuilder-full-width.php","meta":{"sfsi_plus_gutenberg_text_before_share":"","sfsi_plus_gutenberg_show_text_before_share":"","sfsi_plus_gutenberg_icon_type":"","sfsi_plus_gutenberg_icon_alignemt":"","sfsi_plus_gutenburg_max_per_row":"","neve_meta_sidebar":"","neve_meta_container":"","neve_meta_enable_content_width":"","neve_meta_content_width":0,"neve_meta_title_alignment":"","neve_meta_author_avatar":"","neve_post_elements_order":"","neve_meta_disable_header":"","neve_meta_disable_footer":"","neve_meta_disable_title":"","footnotes":""},"class_list":["post-12212","page","type-page","status-publish","hentry"],"_links":{"self":[{"href":"https:\/\/www.hijasdelamisericordia.com\/ca\/wp-json\/wp\/v2\/pages\/12212","targetHints":{"allow":["GET"]}}],"collection":[{"href":"https:\/\/www.hijasdelamisericordia.com\/ca\/wp-json\/wp\/v2\/pages"}],"about":[{"href":"https:\/\/www.hijasdelamisericordia.com\/ca\/wp-json\/wp\/v2\/types\/page"}],"author":[{"embeddable":true,"href":"https:\/\/www.hijasdelamisericordia.com\/ca\/wp-json\/wp\/v2\/users\/1"}],"replies":[{"embeddable":true,"href":"https:\/\/www.hijasdelamisericordia.com\/ca\/wp-json\/wp\/v2\/comments?post=12212"}],"version-history":[{"count":0,"href":"https:\/\/www.hijasdelamisericordia.com\/ca\/wp-json\/wp\/v2\/pages\/12212\/revisions"}],"wp:attachment":[{"href":"https:\/\/www.hijasdelamisericordia.com\/ca\/wp-json\/wp\/v2\/media?parent=12212"}],"curies":[{"name":"wp","href":"https:\/\/api.w.org\/{rel}","templated":true}]}}