{"id":12223,"date":"2022-12-23T12:16:10","date_gmt":"2022-12-23T10:16:10","guid":{"rendered":"https:\/\/www.hijasdelamisericordia.com\/?page_id=12223"},"modified":"2023-04-11T16:22:34","modified_gmt":"2023-04-11T14:22:34","slug":"colegios-san-francisco-de-asis","status":"publish","type":"page","link":"https:\/\/www.hijasdelamisericordia.com\/ca\/colegios-san-francisco-de-asis\/","title":{"rendered":"Col\u00b7legis Sant Francesc d'Ass\u00eds"},"content":{"rendered":"<div data-elementor-type=\"wp-page\" data-elementor-id=\"12223\" class=\"elementor elementor-12223\" data-elementor-post-type=\"page\">\n\t\t\t\t\t\t<section class=\"elementor-section elementor-top-section elementor-element elementor-element-49a29ba elementor-section-boxed elementor-section-height-default elementor-section-height-default\" data-id=\"49a29ba\" data-element_type=\"section\" data-e-type=\"section\">\n\t\t\t\t\t\t<div class=\"elementor-container elementor-column-gap-default\">\n\t\t\t\t\t<div class=\"elementor-column elementor-col-100 elementor-top-column elementor-element elementor-element-1bd62d9\" data-id=\"1bd62d9\" data-element_type=\"column\" data-e-type=\"column\">\n\t\t\t<div class=\"elementor-widget-wrap elementor-element-populated\">\n\t\t\t\t\t\t<div class=\"elementor-element elementor-element-5d0be2a elementor-widget elementor-widget-heading\" data-id=\"5d0be2a\" data-element_type=\"widget\" data-e-type=\"widget\" data-widget_type=\"heading.default\">\n\t\t\t\t<div class=\"elementor-widget-container\">\n\t\t\t\t\t<h1 class=\"elementor-heading-title elementor-size-default\">Col\u00b7legis Sant Francesc d'Ass\u00eds<\/h1>\t\t\t\t<\/div>\n\t\t\t\t<\/div>\n\t\t\t\t\t<\/div>\n\t\t<\/div>\n\t\t\t\t\t<\/div>\n\t\t<\/section>\n\t\t\t\t<section class=\"elementor-section elementor-top-section elementor-element elementor-element-30001e5 elementor-section-boxed elementor-section-height-default elementor-section-height-default\" data-id=\"30001e5\" data-element_type=\"section\" data-e-type=\"section\">\n\t\t\t\t\t\t<div class=\"elementor-container elementor-column-gap-default\">\n\t\t\t\t\t<div class=\"elementor-column elementor-col-100 elementor-top-column elementor-element elementor-element-120018f\" data-id=\"120018f\" data-element_type=\"column\" data-e-type=\"column\">\n\t\t\t<div class=\"elementor-widget-wrap elementor-element-populated\">\n\t\t\t\t\t\t<div class=\"elementor-element elementor-element-bf6712d elementor-widget elementor-widget-spacer\" data-id=\"bf6712d\" data-element_type=\"widget\" data-e-type=\"widget\" data-widget_type=\"spacer.default\">\n\t\t\t\t<div class=\"elementor-widget-container\">\n\t\t\t\t\t\t\t<div class=\"elementor-spacer\">\n\t\t\t<div class=\"elementor-spacer-inner\"><\/div>\n\t\t<\/div>\n\t\t\t\t\t\t<\/div>\n\t\t\t\t<\/div>\n\t\t\t\t\t<\/div>\n\t\t<\/div>\n\t\t\t\t\t<\/div>\n\t\t<\/section>\n\t\t\t\t<section class=\"elementor-section elementor-top-section elementor-element elementor-element-875292b elementor-section-boxed elementor-section-height-default elementor-section-height-default\" data-id=\"875292b\" data-element_type=\"section\" data-e-type=\"section\">\n\t\t\t\t\t\t<div class=\"elementor-container elementor-column-gap-default\">\n\t\t\t\t\t<div class=\"elementor-column elementor-col-33 elementor-top-column elementor-element elementor-element-627ef30\" data-id=\"627ef30\" data-element_type=\"column\" data-e-type=\"column\">\n\t\t\t<div class=\"elementor-widget-wrap elementor-element-populated\">\n\t\t\t\t\t\t<div class=\"elementor-element elementor-element-d24a479 elementor-widget elementor-widget-image\" data-id=\"d24a479\" data-element_type=\"widget\" data-e-type=\"widget\" data-widget_type=\"image.default\">\n\t\t\t\t<div class=\"elementor-widget-container\">\n\t\t\t\t\t\t\t\t\t\t\t\t\t\t\t<img fetchpriority=\"high\" decoding=\"async\" width=\"425\" height=\"284\" src=\"https:\/\/www.hijasdelamisericordia.com\/wp-content\/uploads\/2022\/12\/csfa-2.png\" class=\"attachment-large size-large wp-image-12228\" alt=\"\" srcset=\"https:\/\/www.hijasdelamisericordia.com\/wp-content\/uploads\/2022\/12\/csfa-2.png 425w, https:\/\/www.hijasdelamisericordia.com\/wp-content\/uploads\/2022\/12\/csfa-2-300x200.png 300w\" sizes=\"(max-width: 425px) 100vw, 425px\" \/>\t\t\t\t\t\t\t\t\t\t\t\t\t\t\t<\/div>\n\t\t\t\t<\/div>\n\t\t\t\t\t<\/div>\n\t\t<\/div>\n\t\t\t\t<div class=\"elementor-column elementor-col-66 elementor-top-column elementor-element elementor-element-1d3469c\" data-id=\"1d3469c\" data-element_type=\"column\" data-e-type=\"column\">\n\t\t\t<div class=\"elementor-widget-wrap elementor-element-populated\">\n\t\t\t\t\t\t<div class=\"elementor-element elementor-element-11a8289 elementor-widget elementor-widget-text-editor\" data-id=\"11a8289\" data-element_type=\"widget\" data-e-type=\"widget\" data-widget_type=\"text-editor.default\">\n\t\t\t\t<div class=\"elementor-widget-container\">\n\t\t\t\t\t\t\t\t\t<p><img decoding=\"async\" class=\"alignnone wp-image-11688 size-full\" src=\"https:\/\/www.hijasdelamisericordia.com\/wp-content\/uploads\/2022\/05\/LOGO-CSFA-T.png\" alt=\"\" width=\"300\" height=\"129\" \/><\/p><p><span style=\"font-weight: 400;\">Els Centres Sant Francesc d\u2019Ass\u00eds (CSFA) formen una comunitat estretament unida i centrada a proporcionar una educaci\u00f3 integral, en qu\u00e8 la formaci\u00f3 acad\u00e8mica i els valors humans s\u00f3n igualment importants. La solidaritat, l'amor, el respecte, l'amistat, la innovaci\u00f3, el comprom\u00eds social i l'esfor\u00e7 s\u00f3n premisses en cadascuna de les accions que duen a terme.<\/span><\/p><p><span style=\"font-weight: 400;\">Des de la Congregaci\u00f3 de les Germanes Franciscanes Filles de la Miseric\u00f2rdia volem afavorir la transformaci\u00f3 de la societat i contribuir a crear-ne una de m\u00e9s solid\u00e0ria, justa i en pau. Per aix\u00f2, com a titulars dels centres, portam m\u00e9s d'un segle dedicades a afavorir que nins, nines i adolescents de tot el m\u00f3n puguin accedir a una educaci\u00f3 centrada en la formaci\u00f3 de persones \u00edntegres i responsables, amb elles mateixes i amb la societat de la que en formen part.\u00a0<\/span><\/p><p><span style=\"font-weight: 400;\">Comptam amb sis col\u00b7legis d'infantil, prim\u00e0ria i secund\u00e0ria a Mallorca, situats a les localitats de Palma, Manacor, Son Servera, Muro i Sa Pobla, i un altre a Ciudad Real, aix\u00ed com dues escoles infantils a S'Horta i Cala d'Or (Mallorca) i altres centres d'educaci\u00f3 a Per\u00fa i Bol\u00edvia.<\/span><\/p><p><a href=\"http:\/\/www.sfassis.org\"><b>www.sfassis.org<\/b><b><\/b><\/a><\/p><p>\u00a0<\/p>\t\t\t\t\t\t\t\t<\/div>\n\t\t\t\t<\/div>\n\t\t\t\t\t<\/div>\n\t\t<\/div>\n\t\t\t\t\t<\/div>\n\t\t<\/section>\n\t\t\t\t<\/div>","protected":false},"excerpt":{"rendered":"<p>Colegios San Francisco de As\u00eds Los Centros San Francisco de As\u00eds (CSFA) forman una comunidad estrechamente unida y centrada en proporcionar una educaci\u00f3n integral, en la que la formaci\u00f3n acad\u00e9mica y los valores humanos son igualmente importantes. La solidaridad, el amor, el respeto, la amistad, la innovaci\u00f3n, el compromiso social y el esfuerzo son premisas&hellip;&nbsp;<a href=\"https:\/\/www.hijasdelamisericordia.com\/ca\/colegios-san-francisco-de-asis\/\" rel=\"bookmark\">Llegiu m\u00e9s &raquo;<span class=\"screen-reader-text\">Col\u00b7legis Sant Francesc d'Ass\u00eds<\/span><\/a><\/p>","protected":false},"author":1,"featured_media":0,"parent":0,"menu_order":0,"comment_status":"closed","ping_status":"closed","template":"page-templates\/template-pagebuilder-full-width.php","meta":{"sfsi_plus_gutenberg_text_before_share":"","sfsi_plus_gutenberg_show_text_before_share":"","sfsi_plus_gutenberg_icon_type":"","sfsi_plus_gutenberg_icon_alignemt":"","sfsi_plus_gutenburg_max_per_row":"","neve_meta_sidebar":"","neve_meta_container":"","neve_meta_enable_content_width":"","neve_meta_content_width":0,"neve_meta_title_alignment":"","neve_meta_author_avatar":"","neve_post_elements_order":"","neve_meta_disable_header":"","neve_meta_disable_footer":"","neve_meta_disable_title":"","footnotes":""},"class_list":["post-12223","page","type-page","status-publish","hentry"],"_links":{"self":[{"href":"https:\/\/www.hijasdelamisericordia.com\/ca\/wp-json\/wp\/v2\/pages\/12223","targetHints":{"allow":["GET"]}}],"collection":[{"href":"https:\/\/www.hijasdelamisericordia.com\/ca\/wp-json\/wp\/v2\/pages"}],"about":[{"href":"https:\/\/www.hijasdelamisericordia.com\/ca\/wp-json\/wp\/v2\/types\/page"}],"author":[{"embeddable":true,"href":"https:\/\/www.hijasdelamisericordia.com\/ca\/wp-json\/wp\/v2\/users\/1"}],"replies":[{"embeddable":true,"href":"https:\/\/www.hijasdelamisericordia.com\/ca\/wp-json\/wp\/v2\/comments?post=12223"}],"version-history":[{"count":0,"href":"https:\/\/www.hijasdelamisericordia.com\/ca\/wp-json\/wp\/v2\/pages\/12223\/revisions"}],"wp:attachment":[{"href":"https:\/\/www.hijasdelamisericordia.com\/ca\/wp-json\/wp\/v2\/media?parent=12223"}],"curies":[{"name":"wp","href":"https:\/\/api.w.org\/{rel}","templated":true}]}}