{"id":12233,"date":"2022-12-23T12:23:19","date_gmt":"2022-12-23T10:23:19","guid":{"rendered":"https:\/\/www.hijasdelamisericordia.com\/?page_id=12233"},"modified":"2023-05-29T14:28:32","modified_gmt":"2023-05-29T12:28:32","slug":"obra-social-misol","status":"publish","type":"page","link":"https:\/\/www.hijasdelamisericordia.com\/ca\/obra-social-misol\/","title":{"rendered":"D\u00e9u no llegeix el teu curr\u00edculum, llegeix les teves ferides"},"content":{"rendered":"<div data-elementor-type=\"wp-page\" data-elementor-id=\"12233\" class=\"elementor elementor-12233\" data-elementor-post-type=\"page\">\n\t\t\t\t\t\t<section class=\"elementor-section elementor-top-section elementor-element elementor-element-e612dc9 elementor-section-boxed elementor-section-height-default elementor-section-height-default\" data-id=\"e612dc9\" data-element_type=\"section\" data-e-type=\"section\">\n\t\t\t\t\t\t<div class=\"elementor-container elementor-column-gap-default\">\n\t\t\t\t\t<div class=\"elementor-column elementor-col-100 elementor-top-column elementor-element elementor-element-0ccec64\" data-id=\"0ccec64\" data-element_type=\"column\" data-e-type=\"column\">\n\t\t\t<div class=\"elementor-widget-wrap elementor-element-populated\">\n\t\t\t\t\t\t<div class=\"elementor-element elementor-element-599c04a elementor-widget elementor-widget-heading\" data-id=\"599c04a\" data-element_type=\"widget\" data-e-type=\"widget\" data-widget_type=\"heading.default\">\n\t\t\t\t<div class=\"elementor-widget-container\">\n\t\t\t\t\t<h1 class=\"elementor-heading-title elementor-size-default\">D\u00e9u no llegeix el teu curr\u00edculum, llegeix les teves ferides<\/h1>\t\t\t\t<\/div>\n\t\t\t\t<\/div>\n\t\t\t\t\t<\/div>\n\t\t<\/div>\n\t\t\t\t\t<\/div>\n\t\t<\/section>\n\t\t\t\t<section class=\"elementor-section elementor-top-section elementor-element elementor-element-e070090 elementor-section-boxed elementor-section-height-default elementor-section-height-default\" data-id=\"e070090\" data-element_type=\"section\" data-e-type=\"section\">\n\t\t\t\t\t\t<div class=\"elementor-container elementor-column-gap-default\">\n\t\t\t\t\t<div class=\"elementor-column elementor-col-100 elementor-top-column elementor-element elementor-element-5c82cb0\" data-id=\"5c82cb0\" data-element_type=\"column\" data-e-type=\"column\">\n\t\t\t<div class=\"elementor-widget-wrap elementor-element-populated\">\n\t\t\t\t\t\t<div class=\"elementor-element elementor-element-8cee723 elementor-widget elementor-widget-spacer\" data-id=\"8cee723\" data-element_type=\"widget\" data-e-type=\"widget\" data-widget_type=\"spacer.default\">\n\t\t\t\t<div class=\"elementor-widget-container\">\n\t\t\t\t\t\t\t<div class=\"elementor-spacer\">\n\t\t\t<div class=\"elementor-spacer-inner\"><\/div>\n\t\t<\/div>\n\t\t\t\t\t\t<\/div>\n\t\t\t\t<\/div>\n\t\t\t\t\t<\/div>\n\t\t<\/div>\n\t\t\t\t\t<\/div>\n\t\t<\/section>\n\t\t\t\t<section class=\"elementor-section elementor-top-section elementor-element elementor-element-e16bf01 elementor-section-boxed elementor-section-height-default elementor-section-height-default\" data-id=\"e16bf01\" data-element_type=\"section\" data-e-type=\"section\">\n\t\t\t\t\t\t<div class=\"elementor-container elementor-column-gap-default\">\n\t\t\t\t\t<div class=\"elementor-column elementor-col-33 elementor-top-column elementor-element elementor-element-89eeb9c\" data-id=\"89eeb9c\" data-element_type=\"column\" data-e-type=\"column\">\n\t\t\t<div class=\"elementor-widget-wrap elementor-element-populated\">\n\t\t\t\t\t\t<div class=\"elementor-element elementor-element-415dd50 elementor-widget elementor-widget-image\" data-id=\"415dd50\" data-element_type=\"widget\" data-e-type=\"widget\" data-widget_type=\"image.default\">\n\t\t\t\t<div class=\"elementor-widget-container\">\n\t\t\t\t\t\t\t\t\t\t\t\t\t\t\t<img fetchpriority=\"high\" decoding=\"async\" width=\"397\" height=\"188\" src=\"https:\/\/www.hijasdelamisericordia.com\/wp-content\/uploads\/2022\/12\/misol-3.jpg\" class=\"attachment-large size-large wp-image-12234\" alt=\"\" srcset=\"https:\/\/www.hijasdelamisericordia.com\/wp-content\/uploads\/2022\/12\/misol-3.jpg 397w, https:\/\/www.hijasdelamisericordia.com\/wp-content\/uploads\/2022\/12\/misol-3-300x142.jpg 300w\" sizes=\"(max-width: 397px) 100vw, 397px\" \/>\t\t\t\t\t\t\t\t\t\t\t\t\t\t\t<\/div>\n\t\t\t\t<\/div>\n\t\t\t\t\t<\/div>\n\t\t<\/div>\n\t\t\t\t<div class=\"elementor-column elementor-col-66 elementor-top-column elementor-element elementor-element-dbd3047\" data-id=\"dbd3047\" data-element_type=\"column\" data-e-type=\"column\">\n\t\t\t<div class=\"elementor-widget-wrap elementor-element-populated\">\n\t\t\t\t\t\t<div class=\"elementor-element elementor-element-21fabbf elementor-widget elementor-widget-text-editor\" data-id=\"21fabbf\" data-element_type=\"widget\" data-e-type=\"widget\" data-widget_type=\"text-editor.default\">\n\t\t\t\t<div class=\"elementor-widget-container\">\n\t\t\t\t\t\t\t\t\t<p><img decoding=\"async\" class=\"alignnone size-medium wp-image-11697\" src=\"https:\/\/www.hijasdelamisericordia.com\/wp-content\/uploads\/2022\/05\/LOGO-NOU-MISOL-300x94.png\" alt=\"\" width=\"300\" height=\"94\" srcset=\"https:\/\/www.hijasdelamisericordia.com\/wp-content\/uploads\/2022\/05\/LOGO-NOU-MISOL-300x94.png 300w, https:\/\/www.hijasdelamisericordia.com\/wp-content\/uploads\/2022\/05\/LOGO-NOU-MISOL-1024x322.png 1024w, https:\/\/www.hijasdelamisericordia.com\/wp-content\/uploads\/2022\/05\/LOGO-NOU-MISOL-768x242.png 768w, https:\/\/www.hijasdelamisericordia.com\/wp-content\/uploads\/2022\/05\/LOGO-NOU-MISOL.png 1280w\" sizes=\"(max-width: 300px) 100vw, 300px\" \/><\/p><p><span style=\"font-weight: 400;\">Misol, Miseric\u00f2rdia i Solidaritat, \u00e9s l'obra social de la Congregaci\u00f3. La nostra tasca es fonamenta en proporcionar els mitjans necessaris perqu\u00e8 les persones que no tenen recursos i oportunitats aconsegueixin autonomia i dignitat, sensibilitzant la societat sobre la import\u00e0ncia d'actuar des de la miseric\u00f2rdia i la solidaritat.<\/span><\/p><p><span style=\"font-weight: 400;\">Per aix\u00f2, les Franciscanes Filles de la Miseric\u00f2rdia desenvolupam iniciatives que construeixin un m\u00f3n m\u00e9s inclusiu, global i amb un repartiment m\u00e9s just de la riquesa i les oportunitats.<\/span><\/p><p><span style=\"font-weight: 400;\">Els nostres projectes afavoreixen l'acc\u00e9s dels participants a drets fonamentals com s\u00f3n la nutrici\u00f3, la sanitat i l'educaci\u00f3. A m\u00e9s, cercam recursos per empoderar les dones i recolzar les persones en situaci\u00f3 de vulnerabilitat i les persones en risc d'exclusi\u00f3:<\/span><\/p><p><span style=\"font-weight: 400;\"> \u2022 Resid\u00e8ncia de joves estudiants<\/span><span style=\"font-weight: 400;\"><br \/><\/span><span style=\"font-weight: 400;\">\u2022 Projectes de suport escolar <\/span><span style=\"font-weight: 400;\"><br \/><\/span><span style=\"font-weight: 400;\">\u2022 Menjadors socials<\/span><span style=\"font-weight: 400;\"><br \/><\/span><span style=\"font-weight: 400;\">\u2022 Col\u00b7legi d'educaci\u00f3 secund\u00e0ria a Trujillo (Per\u00fa)<br \/>\u2022 Centre d'Educaci\u00f3 Infantil i Especial Sant Francesc d'Ass\u00eds a L'Alt, La Paz<br \/><\/span><span style=\"font-weight: 400;\">\u2022 Projectes de promoci\u00f3 de la dona<\/span><\/p><p><a href=\"http:\/\/www.misolfranciscanas.org\" target=\"_blank\" rel=\"noopener\"><b>www.misolfranciscanas.org<\/b><\/a><\/p>\t\t\t\t\t\t\t\t<\/div>\n\t\t\t\t<\/div>\n\t\t\t\t\t<\/div>\n\t\t<\/div>\n\t\t\t\t\t<\/div>\n\t\t<\/section>\n\t\t\t\t<\/div>","protected":false},"excerpt":{"rendered":"<p>Obra social Misol Misol, Misericordia y Solidaridad, es la obra social de la Congregaci\u00f3n. Nuestra labor se fundamenta en proporcionar los medios necesarios para que las personas que carecen de recursos y oportunidades logren autonom\u00eda y dignidad, sensibilizando a la sociedad sobre la importancia de actuar desde la misericordia y la solidaridad. Para ello, las&hellip;&nbsp;<a href=\"https:\/\/www.hijasdelamisericordia.com\/ca\/obra-social-misol\/\" rel=\"bookmark\">Llegiu m\u00e9s &raquo;<span class=\"screen-reader-text\">D\u00e9u no llegeix el teu curr\u00edculum, llegeix les teves ferides<\/span><\/a><\/p>","protected":false},"author":1,"featured_media":0,"parent":0,"menu_order":0,"comment_status":"closed","ping_status":"closed","template":"page-templates\/template-pagebuilder-full-width.php","meta":{"sfsi_plus_gutenberg_text_before_share":"","sfsi_plus_gutenberg_show_text_before_share":"","sfsi_plus_gutenberg_icon_type":"","sfsi_plus_gutenberg_icon_alignemt":"","sfsi_plus_gutenburg_max_per_row":"","neve_meta_sidebar":"","neve_meta_container":"","neve_meta_enable_content_width":"","neve_meta_content_width":0,"neve_meta_title_alignment":"","neve_meta_author_avatar":"","neve_post_elements_order":"","neve_meta_disable_header":"","neve_meta_disable_footer":"","neve_meta_disable_title":"","footnotes":""},"class_list":["post-12233","page","type-page","status-publish","hentry"],"_links":{"self":[{"href":"https:\/\/www.hijasdelamisericordia.com\/ca\/wp-json\/wp\/v2\/pages\/12233","targetHints":{"allow":["GET"]}}],"collection":[{"href":"https:\/\/www.hijasdelamisericordia.com\/ca\/wp-json\/wp\/v2\/pages"}],"about":[{"href":"https:\/\/www.hijasdelamisericordia.com\/ca\/wp-json\/wp\/v2\/types\/page"}],"author":[{"embeddable":true,"href":"https:\/\/www.hijasdelamisericordia.com\/ca\/wp-json\/wp\/v2\/users\/1"}],"replies":[{"embeddable":true,"href":"https:\/\/www.hijasdelamisericordia.com\/ca\/wp-json\/wp\/v2\/comments?post=12233"}],"version-history":[{"count":0,"href":"https:\/\/www.hijasdelamisericordia.com\/ca\/wp-json\/wp\/v2\/pages\/12233\/revisions"}],"wp:attachment":[{"href":"https:\/\/www.hijasdelamisericordia.com\/ca\/wp-json\/wp\/v2\/media?parent=12233"}],"curies":[{"name":"wp","href":"https:\/\/api.w.org\/{rel}","templated":true}]}}