{"id":12239,"date":"2022-12-23T12:32:44","date_gmt":"2022-12-23T10:32:44","guid":{"rendered":"https:\/\/www.hijasdelamisericordia.com\/?page_id=12239"},"modified":"2023-01-23T18:03:12","modified_gmt":"2023-01-23T16:03:12","slug":"mater","status":"publish","type":"page","link":"https:\/\/www.hijasdelamisericordia.com\/ca\/mater\/","title":{"rendered":"Mater"},"content":{"rendered":"<div data-elementor-type=\"wp-page\" data-elementor-id=\"12239\" class=\"elementor elementor-12239\" data-elementor-post-type=\"page\">\n\t\t\t\t\t\t<section class=\"elementor-section elementor-top-section elementor-element elementor-element-d7b78fd elementor-section-boxed elementor-section-height-default elementor-section-height-default\" data-id=\"d7b78fd\" data-element_type=\"section\" data-e-type=\"section\">\n\t\t\t\t\t\t<div class=\"elementor-container elementor-column-gap-default\">\n\t\t\t\t\t<div class=\"elementor-column elementor-col-100 elementor-top-column elementor-element elementor-element-eb0c055\" data-id=\"eb0c055\" data-element_type=\"column\" data-e-type=\"column\">\n\t\t\t<div class=\"elementor-widget-wrap elementor-element-populated\">\n\t\t\t\t\t\t<div class=\"elementor-element elementor-element-15bfb0d elementor-widget elementor-widget-heading\" data-id=\"15bfb0d\" data-element_type=\"widget\" data-e-type=\"widget\" data-widget_type=\"heading.default\">\n\t\t\t\t<div class=\"elementor-widget-container\">\n\t\t\t\t\t<h1 class=\"elementor-heading-title elementor-size-default\">Mater<\/h1>\t\t\t\t<\/div>\n\t\t\t\t<\/div>\n\t\t\t\t\t<\/div>\n\t\t<\/div>\n\t\t\t\t\t<\/div>\n\t\t<\/section>\n\t\t\t\t<section class=\"elementor-section elementor-top-section elementor-element elementor-element-27b443d elementor-section-boxed elementor-section-height-default elementor-section-height-default\" data-id=\"27b443d\" data-element_type=\"section\" data-e-type=\"section\">\n\t\t\t\t\t\t<div class=\"elementor-container elementor-column-gap-default\">\n\t\t\t\t\t<div class=\"elementor-column elementor-col-100 elementor-top-column elementor-element elementor-element-a7bb56b\" data-id=\"a7bb56b\" data-element_type=\"column\" data-e-type=\"column\">\n\t\t\t<div class=\"elementor-widget-wrap elementor-element-populated\">\n\t\t\t\t\t\t<div class=\"elementor-element elementor-element-d7b5e6f elementor-widget elementor-widget-spacer\" data-id=\"d7b5e6f\" data-element_type=\"widget\" data-e-type=\"widget\" data-widget_type=\"spacer.default\">\n\t\t\t\t<div class=\"elementor-widget-container\">\n\t\t\t\t\t\t\t<div class=\"elementor-spacer\">\n\t\t\t<div class=\"elementor-spacer-inner\"><\/div>\n\t\t<\/div>\n\t\t\t\t\t\t<\/div>\n\t\t\t\t<\/div>\n\t\t\t\t\t<\/div>\n\t\t<\/div>\n\t\t\t\t\t<\/div>\n\t\t<\/section>\n\t\t\t\t<section class=\"elementor-section elementor-top-section elementor-element elementor-element-cf7cc70 elementor-section-boxed elementor-section-height-default elementor-section-height-default\" data-id=\"cf7cc70\" data-element_type=\"section\" data-e-type=\"section\">\n\t\t\t\t\t\t<div class=\"elementor-container elementor-column-gap-default\">\n\t\t\t\t\t<div class=\"elementor-column elementor-col-33 elementor-top-column elementor-element elementor-element-d15e159\" data-id=\"d15e159\" data-element_type=\"column\" data-e-type=\"column\">\n\t\t\t<div class=\"elementor-widget-wrap elementor-element-populated\">\n\t\t\t\t\t\t<div class=\"elementor-element elementor-element-c3a99a5 elementor-widget elementor-widget-image\" data-id=\"c3a99a5\" data-element_type=\"widget\" data-e-type=\"widget\" data-widget_type=\"image.default\">\n\t\t\t\t<div class=\"elementor-widget-container\">\n\t\t\t\t\t\t\t\t\t\t\t\t\t\t\t<img fetchpriority=\"high\" decoding=\"async\" width=\"425\" height=\"275\" src=\"https:\/\/www.hijasdelamisericordia.com\/wp-content\/uploads\/2022\/12\/mater-2.jpg\" class=\"attachment-large size-large wp-image-12240\" alt=\"\" srcset=\"https:\/\/www.hijasdelamisericordia.com\/wp-content\/uploads\/2022\/12\/mater-2.jpg 425w, https:\/\/www.hijasdelamisericordia.com\/wp-content\/uploads\/2022\/12\/mater-2-300x194.jpg 300w\" sizes=\"(max-width: 425px) 100vw, 425px\" \/>\t\t\t\t\t\t\t\t\t\t\t\t\t\t\t<\/div>\n\t\t\t\t<\/div>\n\t\t\t\t\t<\/div>\n\t\t<\/div>\n\t\t\t\t<div class=\"elementor-column elementor-col-66 elementor-top-column elementor-element elementor-element-451eadd\" data-id=\"451eadd\" data-element_type=\"column\" data-e-type=\"column\">\n\t\t\t<div class=\"elementor-widget-wrap elementor-element-populated\">\n\t\t\t\t\t\t<div class=\"elementor-element elementor-element-22a4b37 elementor-widget elementor-widget-text-editor\" data-id=\"22a4b37\" data-element_type=\"widget\" data-e-type=\"widget\" data-widget_type=\"text-editor.default\">\n\t\t\t\t<div class=\"elementor-widget-container\">\n\t\t\t\t\t\t\t\t\t<p><img decoding=\"async\" class=\"alignnone size-full wp-image-11693\" src=\"https:\/\/www.hijasdelamisericordia.com\/wp-content\/uploads\/2022\/05\/LOGO-MATER-T.png\" alt=\"\" width=\"300\" height=\"121\" \/><\/p><p><span style=\"font-weight: 400;\">A Mater atenem de forma integral persones amb diversitat funcional, afrontant els diferents desafiaments que es presenten a la seva vida di\u00e0ria, des del naixement i durant tota la seva traject\u00f2ria vital, procurant-los serveis de qualitat.\u00a0<\/span><\/p><p><span style=\"font-weight: 400;\">Mater aposta per encarar els reptes de futur amb somnis i il\u00b7lusions renovades, per\u00f2 amb la mateixa determinaci\u00f3 que ens va guiar en la creaci\u00f3: millorar la qualitat de vida de les persones, promovent la consecuci\u00f3 d'una vida tan plena i aut\u00f2noma com sigui possible, des del respecte a la seva dignitat, intimitat i dret a \u00e9sser diferents.<\/span><\/p><p><span style=\"font-weight: 400;\">Mater est\u00e0 implantat a diversos punts de Mallorca i compta amb una comunitat de 450 professionals; unes 1500 persones cada any fan \u00fas dels seus serveis en educaci\u00f3, formaci\u00f3, centres residencials, inserci\u00f3 laboral, fundaci\u00f3 tutelar, centre ocupacional i habitatges tutelats.<\/span><\/p><p><a href=\"http:\/\/www.orgmater.es\"><b>www.orgmater.es<\/b><\/a><\/p>\t\t\t\t\t\t\t\t<\/div>\n\t\t\t\t<\/div>\n\t\t\t\t\t<\/div>\n\t\t<\/div>\n\t\t\t\t\t<\/div>\n\t\t<\/section>\n\t\t\t\t<\/div>","protected":false},"excerpt":{"rendered":"<p>Mater En Mater atendemos de forma integral a personas con diversidad funcional, afrontando los diferentes desaf\u00edos que se presentan en su vida diaria, desde el nacimiento y durante toda su trayectoria vital, procur\u00e1ndoles servicios de calidad.\u00a0 Mater apuesta por encarar los retos de futuro con sue\u00f1os e ilusiones renovadas, pero con la misma determinaci\u00f3n que&hellip;&nbsp;<a href=\"https:\/\/www.hijasdelamisericordia.com\/ca\/mater\/\" rel=\"bookmark\">Llegiu m\u00e9s &raquo;<span class=\"screen-reader-text\">Mater<\/span><\/a><\/p>","protected":false},"author":1,"featured_media":0,"parent":0,"menu_order":0,"comment_status":"closed","ping_status":"closed","template":"page-templates\/template-pagebuilder-full-width.php","meta":{"sfsi_plus_gutenberg_text_before_share":"","sfsi_plus_gutenberg_show_text_before_share":"","sfsi_plus_gutenberg_icon_type":"","sfsi_plus_gutenberg_icon_alignemt":"","sfsi_plus_gutenburg_max_per_row":"","neve_meta_sidebar":"","neve_meta_container":"","neve_meta_enable_content_width":"","neve_meta_content_width":0,"neve_meta_title_alignment":"","neve_meta_author_avatar":"","neve_post_elements_order":"","neve_meta_disable_header":"","neve_meta_disable_footer":"","neve_meta_disable_title":"","footnotes":""},"class_list":["post-12239","page","type-page","status-publish","hentry"],"_links":{"self":[{"href":"https:\/\/www.hijasdelamisericordia.com\/ca\/wp-json\/wp\/v2\/pages\/12239","targetHints":{"allow":["GET"]}}],"collection":[{"href":"https:\/\/www.hijasdelamisericordia.com\/ca\/wp-json\/wp\/v2\/pages"}],"about":[{"href":"https:\/\/www.hijasdelamisericordia.com\/ca\/wp-json\/wp\/v2\/types\/page"}],"author":[{"embeddable":true,"href":"https:\/\/www.hijasdelamisericordia.com\/ca\/wp-json\/wp\/v2\/users\/1"}],"replies":[{"embeddable":true,"href":"https:\/\/www.hijasdelamisericordia.com\/ca\/wp-json\/wp\/v2\/comments?post=12239"}],"version-history":[{"count":0,"href":"https:\/\/www.hijasdelamisericordia.com\/ca\/wp-json\/wp\/v2\/pages\/12239\/revisions"}],"wp:attachment":[{"href":"https:\/\/www.hijasdelamisericordia.com\/ca\/wp-json\/wp\/v2\/media?parent=12239"}],"curies":[{"name":"wp","href":"https:\/\/api.w.org\/{rel}","templated":true}]}}