{"id":12244,"date":"2022-12-23T12:35:52","date_gmt":"2022-12-23T10:35:52","guid":{"rendered":"https:\/\/www.hijasdelamisericordia.com\/?page_id=12244"},"modified":"2023-04-11T16:19:36","modified_gmt":"2023-04-11T14:19:36","slug":"hospital-san-francisco-de-asis","status":"publish","type":"page","link":"https:\/\/www.hijasdelamisericordia.com\/ca\/hospital-san-francisco-de-asis\/","title":{"rendered":"Hospital San Francisco d'Ass\u00eds"},"content":{"rendered":"<div data-elementor-type=\"wp-page\" data-elementor-id=\"12244\" class=\"elementor elementor-12244\" data-elementor-post-type=\"page\">\n\t\t\t\t\t\t<section class=\"elementor-section elementor-top-section elementor-element elementor-element-2e52223 elementor-section-boxed elementor-section-height-default elementor-section-height-default\" data-id=\"2e52223\" data-element_type=\"section\" data-e-type=\"section\">\n\t\t\t\t\t\t<div class=\"elementor-container elementor-column-gap-default\">\n\t\t\t\t\t<div class=\"elementor-column elementor-col-100 elementor-top-column elementor-element elementor-element-b1ef573\" data-id=\"b1ef573\" data-element_type=\"column\" data-e-type=\"column\">\n\t\t\t<div class=\"elementor-widget-wrap elementor-element-populated\">\n\t\t\t\t\t\t<div class=\"elementor-element elementor-element-c39bf04 elementor-widget elementor-widget-heading\" data-id=\"c39bf04\" data-element_type=\"widget\" data-e-type=\"widget\" data-widget_type=\"heading.default\">\n\t\t\t\t<div class=\"elementor-widget-container\">\n\t\t\t\t\t<h1 class=\"elementor-heading-title elementor-size-default\">Hospital San Francisco d'Ass\u00eds<\/h1>\t\t\t\t<\/div>\n\t\t\t\t<\/div>\n\t\t\t\t\t<\/div>\n\t\t<\/div>\n\t\t\t\t\t<\/div>\n\t\t<\/section>\n\t\t\t\t<section class=\"elementor-section elementor-top-section elementor-element elementor-element-9188339 elementor-section-boxed elementor-section-height-default elementor-section-height-default\" data-id=\"9188339\" data-element_type=\"section\" data-e-type=\"section\">\n\t\t\t\t\t\t<div class=\"elementor-container elementor-column-gap-default\">\n\t\t\t\t\t<div class=\"elementor-column elementor-col-100 elementor-top-column elementor-element elementor-element-f504698\" data-id=\"f504698\" data-element_type=\"column\" data-e-type=\"column\">\n\t\t\t<div class=\"elementor-widget-wrap elementor-element-populated\">\n\t\t\t\t\t\t<div class=\"elementor-element elementor-element-1f8e8c5 elementor-widget elementor-widget-spacer\" data-id=\"1f8e8c5\" data-element_type=\"widget\" data-e-type=\"widget\" data-widget_type=\"spacer.default\">\n\t\t\t\t<div class=\"elementor-widget-container\">\n\t\t\t\t\t\t\t<div class=\"elementor-spacer\">\n\t\t\t<div class=\"elementor-spacer-inner\"><\/div>\n\t\t<\/div>\n\t\t\t\t\t\t<\/div>\n\t\t\t\t<\/div>\n\t\t\t\t\t<\/div>\n\t\t<\/div>\n\t\t\t\t\t<\/div>\n\t\t<\/section>\n\t\t\t\t<section class=\"elementor-section elementor-top-section elementor-element elementor-element-4ffd4b5 elementor-section-boxed elementor-section-height-default elementor-section-height-default\" data-id=\"4ffd4b5\" data-element_type=\"section\" data-e-type=\"section\">\n\t\t\t\t\t\t<div class=\"elementor-container elementor-column-gap-default\">\n\t\t\t\t\t<div class=\"elementor-column elementor-col-33 elementor-top-column elementor-element elementor-element-e7b9f5c\" data-id=\"e7b9f5c\" data-element_type=\"column\" data-e-type=\"column\">\n\t\t\t<div class=\"elementor-widget-wrap elementor-element-populated\">\n\t\t\t\t\t\t<div class=\"elementor-element elementor-element-273b4be elementor-widget elementor-widget-image\" data-id=\"273b4be\" data-element_type=\"widget\" data-e-type=\"widget\" data-widget_type=\"image.default\">\n\t\t\t\t<div class=\"elementor-widget-container\">\n\t\t\t\t\t\t\t\t\t\t\t\t\t\t\t<img fetchpriority=\"high\" decoding=\"async\" width=\"640\" height=\"480\" src=\"https:\/\/www.hijasdelamisericordia.com\/wp-content\/uploads\/2022\/12\/JHAMYL-LUCERO.jpg\" class=\"attachment-large size-large wp-image-12176\" alt=\"\" srcset=\"https:\/\/www.hijasdelamisericordia.com\/wp-content\/uploads\/2022\/12\/JHAMYL-LUCERO.jpg 640w, https:\/\/www.hijasdelamisericordia.com\/wp-content\/uploads\/2022\/12\/JHAMYL-LUCERO-300x225.jpg 300w\" sizes=\"(max-width: 640px) 100vw, 640px\" \/>\t\t\t\t\t\t\t\t\t\t\t\t\t\t\t<\/div>\n\t\t\t\t<\/div>\n\t\t\t\t\t<\/div>\n\t\t<\/div>\n\t\t\t\t<div class=\"elementor-column elementor-col-66 elementor-top-column elementor-element elementor-element-876451a\" data-id=\"876451a\" data-element_type=\"column\" data-e-type=\"column\">\n\t\t\t<div class=\"elementor-widget-wrap elementor-element-populated\">\n\t\t\t\t\t\t<div class=\"elementor-element elementor-element-002bcf0 elementor-widget elementor-widget-text-editor\" data-id=\"002bcf0\" data-element_type=\"widget\" data-e-type=\"widget\" data-widget_type=\"text-editor.default\">\n\t\t\t\t<div class=\"elementor-widget-container\">\n\t\t\t\t\t\t\t\t\t<p><img decoding=\"async\" class=\"alignnone size-medium wp-image-12326\" src=\"https:\/\/www.hijasdelamisericordia.com\/wp-content\/uploads\/2023\/01\/IMG-20221110-WA0018-300x157.jpg\" alt=\"\" width=\"300\" height=\"157\" srcset=\"https:\/\/www.hijasdelamisericordia.com\/wp-content\/uploads\/2023\/01\/IMG-20221110-WA0018-300x157.jpg 300w, https:\/\/www.hijasdelamisericordia.com\/wp-content\/uploads\/2023\/01\/IMG-20221110-WA0018-768x402.jpg 768w, https:\/\/www.hijasdelamisericordia.com\/wp-content\/uploads\/2023\/01\/IMG-20221110-WA0018-18x9.jpg 18w, https:\/\/www.hijasdelamisericordia.com\/wp-content\/uploads\/2023\/01\/IMG-20221110-WA0018.jpg 1020w\" sizes=\"(max-width: 300px) 100vw, 300px\" \/><\/p><p><span style=\"font-weight: 400;\">\u201c<\/span><b>Tenir cura de tu, la nostra PASSI\u00d3\u201d<\/b><\/p><p><span style=\"font-weight: 400;\">Som un hospital de segon nivell, obra apost\u00f2lica sense \u00e0nim de lucre de la Congregaci\u00f3 de Germanes Franciscanes Filles de les Miseric\u00f2rdia, amb quaranta-set anys de vida institucional, ubicat a la zona nord de la ciutat de La Paz de l'Estat Plurinacional de Bol\u00edvia.<\/span><\/p><p><span style=\"color: #008080;\"><strong>VISI\u00d3<\/strong><\/span><\/p><p><span style=\"font-weight: 400;\">Brindar serveis de salut r\u00e0pida, oportuna, segura, humana i de qualitat, amb atenci\u00f3 particular a sectors en situaci\u00f3 de vulnerabilitat, a trav\u00e9s dels diferents serveis assistencials organitzats en la modalitat d'atenci\u00f3 d'hospital de segon nivell, segons la normativa de salut del Estat Plurinacional de Bol\u00edvia.<\/span><\/p><p><strong><span style=\"color: #008080;\">MISI\u00d3<\/span><\/strong><\/p><p><span style=\"font-weight: 400;\">Brindar serveis de salut r\u00e0pida, oportuna, segura, humana i de qualitat, amb atenci\u00f3 particular a sectors en situaci\u00f3 de vulnerabilitat, a trav\u00e9s dels diferents serveis assistencials organitzats en la modalitat d'atenci\u00f3 d'hospital de segon nivell, segons la normativa de salut del Estat Plurinacional de Bol\u00edvia.<\/span><\/p><p><span style=\"color: #008080;\"><strong>VALORS I PRINCIPIS<\/strong><\/span><\/p><ol><li><span style=\"font-weight: 400;\">Respecte<\/span><\/li><li><span style=\"font-weight: 400;\">Responsabilitat<\/span><\/li><li>Solidaritat<\/li><li><span style=\"font-weight: 400;\">\u00c8tica<\/span><\/li><li><span style=\"font-weight: 400;\">Qualitat<\/span><\/li><li><span style=\"font-weight: 400;\">Equitat<\/span><\/li><\/ol><p><span style=\"color: #008080;\"><strong>ORGANITZACI\u00d3 I FUNCIONAMENT<\/strong><\/span><\/p><p><span style=\"font-weight: 400;\">La Instituci\u00f3 Centre Hospital San Francisco de As\u00eds, per al seu funcionament i el compliment dels seus objectius es divideix en dues unitats:<\/span><\/p><ol><li><span style=\"font-weight: 400;\"> UNITAT DE SERVEIS ASSISTENCIALS: \u00c9s la unitat que es dedica a la prestaci\u00f3 de serveis assistencials en salut, amb el prop\u00f2sit de viabilitzar l'autosostenibilitat i la projecci\u00f3 social de l'Obra Apost\u00f2lica.<\/span><\/li><\/ol><p><strong><span style=\"color: #008080;\">ELS NOSTRES SERVEIS<\/span><\/strong><\/p><p><span style=\"font-weight: 400;\">Emerg\u00e8ncies les 24 hores.<\/span><\/p><p><span style=\"font-weight: 400;\">Consulta externa: medicina general, medicina interna, cirurgia general, ginecologia, pediatria, traumatologia, cardiologia i psicologia.<\/span><\/p><p><span style=\"font-weight: 400;\">Rehabilitaci\u00f3: fisioter\u00e0pia, fonoaudiologia i odontologia.<\/span><\/p><p><span style=\"font-weight: 400;\">Diagn\u00f2stic: laboratori, raigs x, ecografia, endosc\u00f2pia audiometria i tomografia.<\/span><\/p><p><span style=\"font-weight: 400;\">Hospitalitzaci\u00f3: 25 llits disponibles en habitacions privades i comunes.<\/span><\/p><p><span style=\"font-weight: 400;\">Cures intensives: 2 llits.<\/span><\/p><p><span style=\"font-weight: 400;\">Quir\u00f2fans: 2 unitats degudament equipades.<\/span><\/p><p><span style=\"font-weight: 400;\">Farm\u00e0cia institucional.<\/span><\/p><ol start=\"2\"><li><span style=\"font-weight: 400;\"> UNITAT DE PROJECCI\u00d3 SOCIAL: \u00c9s la unitat que gestiona i executa projectes socials per a l'enfortiment del dret a l'acc\u00e9s a la salut i la vida, dels sectors de la poblaci\u00f3 m\u00e9s vulnerable de la societat boliviana: persones amb capacitats diferents, dones en risc, adults grans i persones sense llar amb baixos recursos.<\/span><\/li><\/ol><p><span style=\"color: #008080;\"><strong>ELS NOSTRES PROJECTES<\/strong><\/span><\/p><p><span style=\"font-weight: 400;\">PARE KLAUS: Projecte que coadjuva l'acc\u00e9s a la salut de nins, nines i adolescents d\u2019escassos recursos econ\u00f2mics, sense cap discriminaci\u00f3.\u00a0<\/span><\/p><p><span style=\"font-weight: 400;\">LILIANE FONDS: Projecte que promou la promoci\u00f3 i l'educaci\u00f3 en salut, rehabilitaci\u00f3 i prevenci\u00f3 de malalties de nins, nines, adolescents i joves amb capacitats diferents.<\/span><\/p><p><span style=\"font-weight: 400;\">KAME: Organitzaci\u00f3 de Dames que realitza donacions de medicaments i insums m\u00e8dics per a sectors en situaci\u00f3 de vulnerabilitat i persones de recursos econ\u00f2mics escassos.<\/span><\/p><p><span style=\"font-weight: 400;\">MISOL (Miseric\u00f2rdia i solidaritat): Obra social de la Congregaci\u00f3 de Germanes Franciscanes Filles de la Miseric\u00f2rdia, que dota de fons per cobrir necessitats urgents de l'hospital.<\/span><\/p>\t\t\t\t\t\t\t\t<\/div>\n\t\t\t\t<\/div>\n\t\t\t\t\t<\/div>\n\t\t<\/div>\n\t\t\t\t\t<\/div>\n\t\t<\/section>\n\t\t\t\t<\/div>","protected":false},"excerpt":{"rendered":"<p>Hospital San Francisco de As\u00eds \u201cCuidar de ti, nuestra PASI\u00d3N\u201d Somos un hospital de segundo nivel, obra apost\u00f3lica sin fines de lucro de la Congregaci\u00f3n de Hermanas Franciscanas Hijas de las Misericordia, con cuarenta y siete a\u00f1os de vida institucional, ubicado en la zona norte de la ciudad de La Paz del Estado Plurinacional de&hellip;&nbsp;<a href=\"https:\/\/www.hijasdelamisericordia.com\/ca\/hospital-san-francisco-de-asis\/\" rel=\"bookmark\">Llegiu m\u00e9s &raquo;<span class=\"screen-reader-text\">Hospital San Francisco d'Ass\u00eds<\/span><\/a><\/p>","protected":false},"author":1,"featured_media":0,"parent":0,"menu_order":0,"comment_status":"closed","ping_status":"closed","template":"page-templates\/template-pagebuilder-full-width.php","meta":{"sfsi_plus_gutenberg_text_before_share":"","sfsi_plus_gutenberg_show_text_before_share":"","sfsi_plus_gutenberg_icon_type":"","sfsi_plus_gutenberg_icon_alignemt":"","sfsi_plus_gutenburg_max_per_row":"","neve_meta_sidebar":"","neve_meta_container":"","neve_meta_enable_content_width":"","neve_meta_content_width":0,"neve_meta_title_alignment":"","neve_meta_author_avatar":"","neve_post_elements_order":"","neve_meta_disable_header":"","neve_meta_disable_footer":"","neve_meta_disable_title":"","footnotes":""},"class_list":["post-12244","page","type-page","status-publish","hentry"],"_links":{"self":[{"href":"https:\/\/www.hijasdelamisericordia.com\/ca\/wp-json\/wp\/v2\/pages\/12244","targetHints":{"allow":["GET"]}}],"collection":[{"href":"https:\/\/www.hijasdelamisericordia.com\/ca\/wp-json\/wp\/v2\/pages"}],"about":[{"href":"https:\/\/www.hijasdelamisericordia.com\/ca\/wp-json\/wp\/v2\/types\/page"}],"author":[{"embeddable":true,"href":"https:\/\/www.hijasdelamisericordia.com\/ca\/wp-json\/wp\/v2\/users\/1"}],"replies":[{"embeddable":true,"href":"https:\/\/www.hijasdelamisericordia.com\/ca\/wp-json\/wp\/v2\/comments?post=12244"}],"version-history":[{"count":0,"href":"https:\/\/www.hijasdelamisericordia.com\/ca\/wp-json\/wp\/v2\/pages\/12244\/revisions"}],"wp:attachment":[{"href":"https:\/\/www.hijasdelamisericordia.com\/ca\/wp-json\/wp\/v2\/media?parent=12244"}],"curies":[{"name":"wp","href":"https:\/\/api.w.org\/{rel}","templated":true}]}}