{"id":12245,"date":"2022-12-23T12:45:56","date_gmt":"2022-12-23T10:45:56","guid":{"rendered":"https:\/\/www.hijasdelamisericordia.com\/?page_id=12245"},"modified":"2025-04-03T15:49:40","modified_gmt":"2025-04-03T13:49:40","slug":"otras-actividades-de-las-comunidades-de-hermanas","status":"publish","type":"page","link":"https:\/\/www.hijasdelamisericordia.com\/ca\/otras-actividades-de-las-comunidades-de-hermanas\/","title":{"rendered":"Altres activitats de les comunitats de Germanes"},"content":{"rendered":"<div data-elementor-type=\"wp-page\" data-elementor-id=\"12245\" class=\"elementor elementor-12245\" data-elementor-post-type=\"page\">\n\t\t\t\t\t\t<section class=\"elementor-section elementor-top-section elementor-element elementor-element-8f384eb elementor-section-boxed elementor-section-height-default elementor-section-height-default\" data-id=\"8f384eb\" data-element_type=\"section\" data-e-type=\"section\">\n\t\t\t\t\t\t<div class=\"elementor-container elementor-column-gap-default\">\n\t\t\t\t\t<div class=\"elementor-column elementor-col-100 elementor-top-column elementor-element elementor-element-b8f08b7\" data-id=\"b8f08b7\" data-element_type=\"column\" data-e-type=\"column\">\n\t\t\t<div class=\"elementor-widget-wrap elementor-element-populated\">\n\t\t\t\t\t\t<div class=\"elementor-element elementor-element-918c0e4 elementor-widget elementor-widget-heading\" data-id=\"918c0e4\" data-element_type=\"widget\" data-e-type=\"widget\" data-widget_type=\"heading.default\">\n\t\t\t\t<div class=\"elementor-widget-container\">\n\t\t\t\t\t<h1 class=\"elementor-heading-title elementor-size-default\">Altres activitats de les comunitats de Germanes<\/h1>\t\t\t\t<\/div>\n\t\t\t\t<\/div>\n\t\t\t\t\t<\/div>\n\t\t<\/div>\n\t\t\t\t\t<\/div>\n\t\t<\/section>\n\t\t\t\t<section class=\"elementor-section elementor-top-section elementor-element elementor-element-24e00ad elementor-section-boxed elementor-section-height-default elementor-section-height-default\" data-id=\"24e00ad\" data-element_type=\"section\" data-e-type=\"section\">\n\t\t\t\t\t\t<div class=\"elementor-container elementor-column-gap-default\">\n\t\t\t\t\t<div class=\"elementor-column elementor-col-100 elementor-top-column elementor-element elementor-element-ee4b002\" data-id=\"ee4b002\" data-element_type=\"column\" data-e-type=\"column\">\n\t\t\t<div class=\"elementor-widget-wrap elementor-element-populated\">\n\t\t\t\t\t\t<div class=\"elementor-element elementor-element-d068cbb elementor-widget elementor-widget-spacer\" data-id=\"d068cbb\" data-element_type=\"widget\" data-e-type=\"widget\" data-widget_type=\"spacer.default\">\n\t\t\t\t<div class=\"elementor-widget-container\">\n\t\t\t\t\t\t\t<div class=\"elementor-spacer\">\n\t\t\t<div class=\"elementor-spacer-inner\"><\/div>\n\t\t<\/div>\n\t\t\t\t\t\t<\/div>\n\t\t\t\t<\/div>\n\t\t\t\t\t<\/div>\n\t\t<\/div>\n\t\t\t\t\t<\/div>\n\t\t<\/section>\n\t\t\t\t<section class=\"elementor-section elementor-top-section elementor-element elementor-element-c59a965 elementor-section-boxed elementor-section-height-default elementor-section-height-default\" data-id=\"c59a965\" data-element_type=\"section\" data-e-type=\"section\">\n\t\t\t\t\t\t<div class=\"elementor-container elementor-column-gap-default\">\n\t\t\t\t\t<div class=\"elementor-column elementor-col-33 elementor-top-column elementor-element elementor-element-3918225\" data-id=\"3918225\" data-element_type=\"column\" data-e-type=\"column\">\n\t\t\t<div class=\"elementor-widget-wrap elementor-element-populated\">\n\t\t\t\t\t\t<div class=\"elementor-element elementor-element-df8dd69 elementor-widget elementor-widget-image\" data-id=\"df8dd69\" data-element_type=\"widget\" data-e-type=\"widget\" data-widget_type=\"image.default\">\n\t\t\t\t<div class=\"elementor-widget-container\">\n\t\t\t\t\t\t\t\t\t\t\t\t\t\t\t<img fetchpriority=\"high\" decoding=\"async\" width=\"500\" height=\"466\" src=\"https:\/\/www.hijasdelamisericordia.com\/wp-content\/uploads\/2022\/12\/otras-actividades2.png\" class=\"attachment-large size-large wp-image-12246\" alt=\"\" srcset=\"https:\/\/www.hijasdelamisericordia.com\/wp-content\/uploads\/2022\/12\/otras-actividades2.png 500w, https:\/\/www.hijasdelamisericordia.com\/wp-content\/uploads\/2022\/12\/otras-actividades2-300x280.png 300w\" sizes=\"(max-width: 500px) 100vw, 500px\" \/>\t\t\t\t\t\t\t\t\t\t\t\t\t\t\t<\/div>\n\t\t\t\t<\/div>\n\t\t\t\t\t<\/div>\n\t\t<\/div>\n\t\t\t\t<div class=\"elementor-column elementor-col-66 elementor-top-column elementor-element elementor-element-0d9e92d\" data-id=\"0d9e92d\" data-element_type=\"column\" data-e-type=\"column\">\n\t\t\t<div class=\"elementor-widget-wrap elementor-element-populated\">\n\t\t\t\t\t\t<div class=\"elementor-element elementor-element-403435c elementor-widget elementor-widget-text-editor\" data-id=\"403435c\" data-element_type=\"widget\" data-e-type=\"widget\" data-widget_type=\"text-editor.default\">\n\t\t\t\t<div class=\"elementor-widget-container\">\n\t\t\t\t\t\t\t\t\t<p>Las hermanas de cada comunidad, con el esp\u00edritu franciscano que nos es propio, con sencillez, arraigadas en Cristo y bajo la mirada de Mar\u00eda, Madre de Misericordia, nos ponemos al servicio de la gente, procurando que nuestra presencia, sin protagonismos y con esp\u00edritu fraterno, contribuya a restaurar los valores humanos m\u00e1s b\u00e1sicos que a veces est\u00e1n desdibujados.<\/p><p>Colaboramos en las parroquias y en nuestras obras propias, y nos esforzamos por compartir una vivencia alegre de la fe que les haga experimentar con nosotras que somos una gran familia que busca al Se\u00f1or. Y en nuestra oraci\u00f3n, ponemos voz a quienes rezan sin oraciones desde su dolor y sufrimiento.<\/p>\t\t\t\t\t\t\t\t<\/div>\n\t\t\t\t<\/div>\n\t\t\t\t\t<\/div>\n\t\t<\/div>\n\t\t\t\t\t<\/div>\n\t\t<\/section>\n\t\t\t\t<section class=\"elementor-section elementor-top-section elementor-element elementor-element-85f07a4 elementor-section-boxed elementor-section-height-default elementor-section-height-default\" data-id=\"85f07a4\" data-element_type=\"section\" data-e-type=\"section\">\n\t\t\t\t\t\t<div class=\"elementor-container elementor-column-gap-default\">\n\t\t\t\t\t<div class=\"elementor-column elementor-col-100 elementor-top-column elementor-element elementor-element-dcf7878\" data-id=\"dcf7878\" data-element_type=\"column\" data-e-type=\"column\">\n\t\t\t<div class=\"elementor-widget-wrap elementor-element-populated\">\n\t\t\t\t\t\t<div class=\"elementor-element elementor-element-cc76d87 elementor-widget elementor-widget-text-editor\" data-id=\"cc76d87\" data-element_type=\"widget\" data-e-type=\"widget\" data-widget_type=\"text-editor.default\">\n\t\t\t\t<div class=\"elementor-widget-container\">\n\t\t\t\t\t\t\t\t\t<p><span style=\"color: #008080;\"><b>On ens pots trobar:<\/b><\/span><\/p>\t\t\t\t\t\t\t\t<\/div>\n\t\t\t\t<\/div>\n\t\t\t\t\t<\/div>\n\t\t<\/div>\n\t\t\t\t\t<\/div>\n\t\t<\/section>\n\t\t\t\t<section class=\"elementor-section elementor-top-section elementor-element elementor-element-d464196 elementor-section-boxed elementor-section-height-default elementor-section-height-default\" data-id=\"d464196\" data-element_type=\"section\" data-e-type=\"section\">\n\t\t\t\t\t\t<div class=\"elementor-container elementor-column-gap-default\">\n\t\t\t\t\t<div class=\"elementor-column elementor-col-100 elementor-top-column elementor-element elementor-element-3dea95e\" data-id=\"3dea95e\" data-element_type=\"column\" data-e-type=\"column\" data-settings=\"{&quot;background_background&quot;:&quot;gradient&quot;}\">\n\t\t\t<div class=\"elementor-widget-wrap elementor-element-populated\">\n\t\t\t\t\t\t<div class=\"elementor-element elementor-element-9989c12 elementor-widget elementor-widget-text-editor\" data-id=\"9989c12\" data-element_type=\"widget\" data-e-type=\"widget\" data-widget_type=\"text-editor.default\">\n\t\t\t\t<div class=\"elementor-widget-container\">\n\t\t\t\t\t\t\t\t\t<p><span style=\"font-family: Verdana, sans-serif;\"><b>ESPANYA<\/b><\/span><\/p><p><span style=\"font-family: Verdana, sans-serif;\"><span style=\"color: #008080;\">MADRID<\/span><br \/>Casa General<br \/>Tel.: 917 421 157<\/span><\/p><p><span style=\"font-family: Verdana, sans-serif;\"><span style=\"color: #008080;\">C\u00c1CERES<\/span><br \/>Casas de D. G\u00f3mez<br \/>Tel.: 927 519 155<br \/>Horcajo (Pinofranqueado)<br \/>Tel.: 927 670 606<\/span><\/p><p><span style=\"font-family: Verdana, sans-serif;\"><span style=\"color: #008080;\">CIUDAD REAL<br \/><\/span>Ciudad Real<br \/>Tel.: 926 253 650<br \/>Puebla del Pr\u00edncipe<br \/>Tel.: 926 359 020<\/span><\/p><p><span style=\"font-family: Verdana, sans-serif;\"><span style=\"color: #008080;\">TOLEDO<br \/><\/span>Corral de Almaguer<br \/>Tel.: 925 190 048<br \/>Villanueva de Alcardete<br \/>Tel.: 925 166 001<\/span><\/p><p><span style=\"font-family: Verdana, sans-serif;\"><span style=\"color: #008080;\">MENORCA<br \/><\/span>Ciudadela<br \/>Tel.: 971 386 612<\/span><\/p><p><span style=\"font-family: Verdana, sans-serif;\"><span style=\"color: #008080;\">MALLORCA<br \/><\/span><span style=\"color: #000000;\"><span lang=\"ca-ES\">Palma, Casa Madre<br \/><\/span><\/span>Tel.: 971 716 123<br \/><span style=\"color: #000000;\"><span lang=\"ca-ES\">Palma, Resid\u00e8ncia Verge de l\u00b4Esperan\u00e7a<br \/><\/span><\/span>Tel.: 971 420 411<br \/><span style=\"color: #000000;\"><span lang=\"ca-ES\">Palma C\/ Antill\u00f3n<br \/><\/span><\/span>Tel.: 971 46 58 11<br \/><span style=\"color: #000000;\"><span lang=\"ca-ES\">Palma, Son Cladera Nou<br \/><\/span><\/span>Tel.: 971 470 216<br \/>El Molinar<br \/>Tel.: 971 271 232<br \/>Calonge<br \/><span style=\"color: #000000;\"><span lang=\"ca-ES\">Tel.: 971 167 011<br \/>Col\u00f2nia de Sant Jordi<br \/><\/span><\/span>Tel.: 971 551 677<br \/>Manacor<br \/>Tel.: 971 551 677<br \/>Pina<br \/>Tel.: 971 665 067<br \/>Sa Pobla<br \/>Tel.: 971 540 229<br \/>Selva<br \/>Tel.: 971 515 094<\/span><\/p><p><span style=\"font-family: Verdana, sans-serif;\"><b>ITALIA<\/b><\/span><\/p><p><span style=\"font-family: Verdana, sans-serif;\"><span style=\"color: #008080;\">As\u00eds<br \/><\/span>Tel.: 00 39 075 545 2899<\/span><\/p><p><span style=\"font-family: Verdana, sans-serif;\"><b>BOLIVIA<br \/><\/b><span style=\"color: #008080;\">La Paz<br \/><\/span>Tel.: 00 591 222 10561<br \/><span style=\"color: #008080;\">Sucre<\/span><br \/>Tel.: 00 591 464 61203<br \/><span style=\"color: #008080;\">Cochabamba<\/span><br \/>Tel.: 005914429879<\/span><\/p><p><span style=\"font-family: Verdana, sans-serif;\"><b>PER\u00da<br \/><\/b><span style=\"color: #008080;\">Trujillo<br \/><\/span>Tel.: 00 514 422 5601<\/span><\/p><p><span style=\"font-family: Verdana, sans-serif;\"><b>ESTADOS UNIDOS<\/b><\/span><\/p><p><span style=\"font-family: Verdana, sans-serif;\"><b>Texas<br \/><\/b><span style=\"color: #008080;\">Austin<\/span><br \/>Tel.: 00 151 238 550 90<br \/><span style=\"color: #008080;\">Waco<\/span><br \/>Tel.: 00 (1254) 753 55 65 \u2013 753 68 16<\/span><\/p>\t\t\t\t\t\t\t\t<\/div>\n\t\t\t\t<\/div>\n\t\t\t\t\t<\/div>\n\t\t<\/div>\n\t\t\t\t\t<\/div>\n\t\t<\/section>\n\t\t\t\t<section class=\"elementor-section elementor-top-section elementor-element elementor-element-d037c5b elementor-section-boxed elementor-section-height-default elementor-section-height-default\" data-id=\"d037c5b\" data-element_type=\"section\" data-e-type=\"section\">\n\t\t\t\t\t\t<div class=\"elementor-container elementor-column-gap-default\">\n\t\t\t\t\t<div class=\"elementor-column elementor-col-100 elementor-top-column elementor-element elementor-element-7dd9e5a\" data-id=\"7dd9e5a\" data-element_type=\"column\" data-e-type=\"column\">\n\t\t\t<div class=\"elementor-widget-wrap elementor-element-populated\">\n\t\t\t\t\t\t<div class=\"elementor-element elementor-element-5610894 elementor-widget elementor-widget-spacer\" data-id=\"5610894\" data-element_type=\"widget\" data-e-type=\"widget\" data-widget_type=\"spacer.default\">\n\t\t\t\t<div class=\"elementor-widget-container\">\n\t\t\t\t\t\t\t<div class=\"elementor-spacer\">\n\t\t\t<div class=\"elementor-spacer-inner\"><\/div>\n\t\t<\/div>\n\t\t\t\t\t\t<\/div>\n\t\t\t\t<\/div>\n\t\t\t\t\t<\/div>\n\t\t<\/div>\n\t\t\t\t\t<\/div>\n\t\t<\/section>\n\t\t\t\t<\/div>","protected":false},"excerpt":{"rendered":"<p>Otras actividades de las comunidades de Hermanas Las hermanas de cada comunidad, con el esp\u00edritu franciscano que nos es propio, con sencillez, arraigadas en Cristo y bajo la mirada de Mar\u00eda, Madre de Misericordia, nos ponemos al servicio de la gente, procurando que nuestra presencia, sin protagonismos y con esp\u00edritu fraterno, contribuya a restaurar los&hellip;&nbsp;<a href=\"https:\/\/www.hijasdelamisericordia.com\/ca\/otras-actividades-de-las-comunidades-de-hermanas\/\" rel=\"bookmark\">Llegiu m\u00e9s &raquo;<span class=\"screen-reader-text\">Altres activitats de les comunitats de Germanes<\/span><\/a><\/p>","protected":false},"author":1,"featured_media":0,"parent":0,"menu_order":0,"comment_status":"closed","ping_status":"closed","template":"page-templates\/template-pagebuilder-full-width.php","meta":{"sfsi_plus_gutenberg_text_before_share":"","sfsi_plus_gutenberg_show_text_before_share":"","sfsi_plus_gutenberg_icon_type":"","sfsi_plus_gutenberg_icon_alignemt":"","sfsi_plus_gutenburg_max_per_row":"","neve_meta_sidebar":"","neve_meta_container":"","neve_meta_enable_content_width":"","neve_meta_content_width":0,"neve_meta_title_alignment":"","neve_meta_author_avatar":"","neve_post_elements_order":"","neve_meta_disable_header":"","neve_meta_disable_footer":"","neve_meta_disable_title":"","footnotes":""},"class_list":["post-12245","page","type-page","status-publish","hentry"],"_links":{"self":[{"href":"https:\/\/www.hijasdelamisericordia.com\/ca\/wp-json\/wp\/v2\/pages\/12245","targetHints":{"allow":["GET"]}}],"collection":[{"href":"https:\/\/www.hijasdelamisericordia.com\/ca\/wp-json\/wp\/v2\/pages"}],"about":[{"href":"https:\/\/www.hijasdelamisericordia.com\/ca\/wp-json\/wp\/v2\/types\/page"}],"author":[{"embeddable":true,"href":"https:\/\/www.hijasdelamisericordia.com\/ca\/wp-json\/wp\/v2\/users\/1"}],"replies":[{"embeddable":true,"href":"https:\/\/www.hijasdelamisericordia.com\/ca\/wp-json\/wp\/v2\/comments?post=12245"}],"version-history":[{"count":0,"href":"https:\/\/www.hijasdelamisericordia.com\/ca\/wp-json\/wp\/v2\/pages\/12245\/revisions"}],"wp:attachment":[{"href":"https:\/\/www.hijasdelamisericordia.com\/ca\/wp-json\/wp\/v2\/media?parent=12245"}],"curies":[{"name":"wp","href":"https:\/\/api.w.org\/{rel}","templated":true}]}}