{"id":12250,"date":"2022-12-23T12:59:05","date_gmt":"2022-12-23T10:59:05","guid":{"rendered":"https:\/\/www.hijasdelamisericordia.com\/?page_id=12250"},"modified":"2023-04-13T12:18:36","modified_gmt":"2023-04-13T10:18:36","slug":"otros-proyectos","status":"publish","type":"page","link":"https:\/\/www.hijasdelamisericordia.com\/ca\/otros-proyectos\/","title":{"rendered":"Altres projectes"},"content":{"rendered":"<div data-elementor-type=\"wp-page\" data-elementor-id=\"12250\" class=\"elementor elementor-12250\" data-elementor-post-type=\"page\">\n\t\t\t\t\t\t<section class=\"elementor-section elementor-top-section elementor-element elementor-element-58b690b elementor-section-boxed elementor-section-height-default elementor-section-height-default\" data-id=\"58b690b\" data-element_type=\"section\" data-e-type=\"section\">\n\t\t\t\t\t\t<div class=\"elementor-container elementor-column-gap-default\">\n\t\t\t\t\t<div class=\"elementor-column elementor-col-100 elementor-top-column elementor-element elementor-element-54ccc6f\" data-id=\"54ccc6f\" data-element_type=\"column\" data-e-type=\"column\">\n\t\t\t<div class=\"elementor-widget-wrap elementor-element-populated\">\n\t\t\t\t\t\t<div class=\"elementor-element elementor-element-1e00dd5 elementor-widget elementor-widget-heading\" data-id=\"1e00dd5\" data-element_type=\"widget\" data-e-type=\"widget\" data-widget_type=\"heading.default\">\n\t\t\t\t<div class=\"elementor-widget-container\">\n\t\t\t\t\t<h1 class=\"elementor-heading-title elementor-size-default\">Altres projectes<\/h1>\t\t\t\t<\/div>\n\t\t\t\t<\/div>\n\t\t\t\t\t<\/div>\n\t\t<\/div>\n\t\t\t\t\t<\/div>\n\t\t<\/section>\n\t\t\t\t<section class=\"elementor-section elementor-top-section elementor-element elementor-element-e6a9f8d elementor-section-boxed elementor-section-height-default elementor-section-height-default\" data-id=\"e6a9f8d\" data-element_type=\"section\" data-e-type=\"section\">\n\t\t\t\t\t\t<div class=\"elementor-container elementor-column-gap-default\">\n\t\t\t\t\t<div class=\"elementor-column elementor-col-100 elementor-top-column elementor-element elementor-element-236983b\" data-id=\"236983b\" data-element_type=\"column\" data-e-type=\"column\">\n\t\t\t<div class=\"elementor-widget-wrap elementor-element-populated\">\n\t\t\t\t\t\t<div class=\"elementor-element elementor-element-30e50ba elementor-widget elementor-widget-spacer\" data-id=\"30e50ba\" data-element_type=\"widget\" data-e-type=\"widget\" data-widget_type=\"spacer.default\">\n\t\t\t\t<div class=\"elementor-widget-container\">\n\t\t\t\t\t\t\t<div class=\"elementor-spacer\">\n\t\t\t<div class=\"elementor-spacer-inner\"><\/div>\n\t\t<\/div>\n\t\t\t\t\t\t<\/div>\n\t\t\t\t<\/div>\n\t\t\t\t\t<\/div>\n\t\t<\/div>\n\t\t\t\t\t<\/div>\n\t\t<\/section>\n\t\t\t\t<section class=\"elementor-section elementor-top-section elementor-element elementor-element-b731450 elementor-section-boxed elementor-section-height-default elementor-section-height-default\" data-id=\"b731450\" data-element_type=\"section\" data-e-type=\"section\">\n\t\t\t\t\t\t<div class=\"elementor-container elementor-column-gap-default\">\n\t\t\t\t\t<div class=\"elementor-column elementor-col-33 elementor-top-column elementor-element elementor-element-024ed0a\" data-id=\"024ed0a\" data-element_type=\"column\" data-e-type=\"column\">\n\t\t\t<div class=\"elementor-widget-wrap elementor-element-populated\">\n\t\t\t\t\t\t<div class=\"elementor-element elementor-element-a965a9e elementor-widget elementor-widget-image\" data-id=\"a965a9e\" data-element_type=\"widget\" data-e-type=\"widget\" data-widget_type=\"image.default\">\n\t\t\t\t<div class=\"elementor-widget-container\">\n\t\t\t\t\t\t\t\t\t\t\t\t\t\t\t<img fetchpriority=\"high\" decoding=\"async\" width=\"1024\" height=\"204\" src=\"https:\/\/www.hijasdelamisericordia.com\/wp-content\/uploads\/2022\/12\/llamas--1024x204.png\" class=\"attachment-large size-large wp-image-12199\" alt=\"\" srcset=\"https:\/\/www.hijasdelamisericordia.com\/wp-content\/uploads\/2022\/12\/llamas--1024x204.png 1024w, https:\/\/www.hijasdelamisericordia.com\/wp-content\/uploads\/2022\/12\/llamas--300x60.png 300w, https:\/\/www.hijasdelamisericordia.com\/wp-content\/uploads\/2022\/12\/llamas--768x153.png 768w, https:\/\/www.hijasdelamisericordia.com\/wp-content\/uploads\/2022\/12\/llamas-.png 1536w\" sizes=\"(max-width: 1024px) 100vw, 1024px\" \/>\t\t\t\t\t\t\t\t\t\t\t\t\t\t\t<\/div>\n\t\t\t\t<\/div>\n\t\t\t\t\t<\/div>\n\t\t<\/div>\n\t\t\t\t<div class=\"elementor-column elementor-col-66 elementor-top-column elementor-element elementor-element-5f5d71d\" data-id=\"5f5d71d\" data-element_type=\"column\" data-e-type=\"column\">\n\t\t\t<div class=\"elementor-widget-wrap elementor-element-populated\">\n\t\t\t\t\t\t<div class=\"elementor-element elementor-element-7f807dd elementor-widget elementor-widget-text-editor\" data-id=\"7f807dd\" data-element_type=\"widget\" data-e-type=\"widget\" data-widget_type=\"text-editor.default\">\n\t\t\t\t<div class=\"elementor-widget-container\">\n\t\t\t\t\t\t\t\t\t<p>Disposam d'una s\u00e8rie d'espais per a l'oraci\u00f3 i la trobada, on experimentar l'acollida i l'hospitalitat, aix\u00ed com la cura de les germanes grans.\u00a0<\/p>\t\t\t\t\t\t\t\t<\/div>\n\t\t\t\t<\/div>\n\t\t\t\t\t<\/div>\n\t\t<\/div>\n\t\t\t\t\t<\/div>\n\t\t<\/section>\n\t\t\t\t<section class=\"elementor-section elementor-top-section elementor-element elementor-element-4d056fc elementor-section-boxed elementor-section-height-default elementor-section-height-default\" data-id=\"4d056fc\" data-element_type=\"section\" data-e-type=\"section\">\n\t\t\t\t\t\t<div class=\"elementor-container elementor-column-gap-default\">\n\t\t\t\t\t<div class=\"elementor-column elementor-col-25 elementor-top-column elementor-element elementor-element-e4c9e16\" data-id=\"e4c9e16\" data-element_type=\"column\" data-e-type=\"column\">\n\t\t\t<div class=\"elementor-widget-wrap elementor-element-populated\">\n\t\t\t\t\t\t<div class=\"elementor-element elementor-element-af9082b elementor-widget elementor-widget-image\" data-id=\"af9082b\" data-element_type=\"widget\" data-e-type=\"widget\" data-widget_type=\"image.default\">\n\t\t\t\t<div class=\"elementor-widget-container\">\n\t\t\t\t\t\t\t\t\t\t\t\t\t\t\t\t<a href=\"https:\/\/www.hijasdelamisericordia.com\/ca\/casa-de-espiritualidad-nuestra-sra-piedad\/\" target=\"_blank\">\n\t\t\t\t\t\t\t<img decoding=\"async\" width=\"620\" height=\"325\" src=\"https:\/\/www.hijasdelamisericordia.com\/wp-content\/uploads\/2023\/04\/M-V5-CAT2.png\" class=\"attachment-large size-large wp-image-12252\" alt=\"\" srcset=\"https:\/\/www.hijasdelamisericordia.com\/wp-content\/uploads\/2023\/04\/M-V5-CAT2.png 620w, https:\/\/www.hijasdelamisericordia.com\/wp-content\/uploads\/2023\/04\/M-V5-CAT2-300x157.png 300w, https:\/\/www.hijasdelamisericordia.com\/wp-content\/uploads\/2023\/04\/M-V5-CAT2-18x9.png 18w\" sizes=\"(max-width: 620px) 100vw, 620px\" \/>\t\t\t\t\t\t\t\t<\/a>\n\t\t\t\t\t\t\t\t\t\t\t\t\t\t\t<\/div>\n\t\t\t\t<\/div>\n\t\t\t\t\t<\/div>\n\t\t<\/div>\n\t\t\t\t<div class=\"elementor-column elementor-col-25 elementor-top-column elementor-element elementor-element-69dfecd\" data-id=\"69dfecd\" data-element_type=\"column\" data-e-type=\"column\">\n\t\t\t<div class=\"elementor-widget-wrap elementor-element-populated\">\n\t\t\t\t\t\t<div class=\"elementor-element elementor-element-454aeed elementor-widget elementor-widget-image\" data-id=\"454aeed\" data-element_type=\"widget\" data-e-type=\"widget\" data-widget_type=\"image.default\">\n\t\t\t\t<div class=\"elementor-widget-container\">\n\t\t\t\t\t\t\t\t\t\t\t\t\t\t\t\t<a href=\"https:\/\/www.hijasdelamisericordia.com\/ca\/casa-despiritualitat-de-pina-mallorca\/\">\n\t\t\t\t\t\t\t<img decoding=\"async\" width=\"620\" height=\"325\" src=\"https:\/\/www.hijasdelamisericordia.com\/wp-content\/uploads\/2023\/04\/M-V5-CAT.png\" class=\"attachment-large size-large wp-image-12256\" alt=\"\" srcset=\"https:\/\/www.hijasdelamisericordia.com\/wp-content\/uploads\/2023\/04\/M-V5-CAT.png 620w, https:\/\/www.hijasdelamisericordia.com\/wp-content\/uploads\/2023\/04\/M-V5-CAT-300x157.png 300w, https:\/\/www.hijasdelamisericordia.com\/wp-content\/uploads\/2023\/04\/M-V5-CAT-18x9.png 18w\" sizes=\"(max-width: 620px) 100vw, 620px\" \/>\t\t\t\t\t\t\t\t<\/a>\n\t\t\t\t\t\t\t\t\t\t\t\t\t\t\t<\/div>\n\t\t\t\t<\/div>\n\t\t\t\t\t<\/div>\n\t\t<\/div>\n\t\t\t\t<div class=\"elementor-column elementor-col-25 elementor-top-column elementor-element elementor-element-2fe4f6b\" data-id=\"2fe4f6b\" data-element_type=\"column\" data-e-type=\"column\">\n\t\t\t<div class=\"elementor-widget-wrap elementor-element-populated\">\n\t\t\t\t\t\t<div class=\"elementor-element elementor-element-285334d elementor-widget elementor-widget-image\" data-id=\"285334d\" data-element_type=\"widget\" data-e-type=\"widget\" data-widget_type=\"image.default\">\n\t\t\t\t<div class=\"elementor-widget-container\">\n\t\t\t\t\t\t\t\t\t\t\t\t\t\t\t\t<a href=\"https:\/\/www.hijasdelamisericordia.com\/ca\/residencia-verge-de-lesperanca-palma-de-mallorca\/\">\n\t\t\t\t\t\t\t<img loading=\"lazy\" decoding=\"async\" width=\"620\" height=\"325\" src=\"https:\/\/www.hijasdelamisericordia.com\/wp-content\/uploads\/2023\/04\/M-V5-CAT3.png\" class=\"attachment-large size-large wp-image-12260\" alt=\"\" srcset=\"https:\/\/www.hijasdelamisericordia.com\/wp-content\/uploads\/2023\/04\/M-V5-CAT3.png 620w, https:\/\/www.hijasdelamisericordia.com\/wp-content\/uploads\/2023\/04\/M-V5-CAT3-300x157.png 300w, https:\/\/www.hijasdelamisericordia.com\/wp-content\/uploads\/2023\/04\/M-V5-CAT3-18x9.png 18w\" sizes=\"(max-width: 620px) 100vw, 620px\" \/>\t\t\t\t\t\t\t\t<\/a>\n\t\t\t\t\t\t\t\t\t\t\t\t\t\t\t<\/div>\n\t\t\t\t<\/div>\n\t\t\t\t\t<\/div>\n\t\t<\/div>\n\t\t\t\t<div class=\"elementor-column elementor-col-25 elementor-top-column elementor-element elementor-element-d425c2d\" data-id=\"d425c2d\" data-element_type=\"column\" data-e-type=\"column\">\n\t\t\t<div class=\"elementor-widget-wrap elementor-element-populated\">\n\t\t\t\t\t\t<div class=\"elementor-element elementor-element-24bc35c elementor-widget elementor-widget-image\" data-id=\"24bc35c\" data-element_type=\"widget\" data-e-type=\"widget\" data-widget_type=\"image.default\">\n\t\t\t\t<div class=\"elementor-widget-container\">\n\t\t\t\t\t\t\t\t\t\t\t\t\t\t\t\t<a href=\"https:\/\/www.hijasdelamisericordia.com\/ca\/casa-colonia-sant-francesc\/\">\n\t\t\t\t\t\t\t<img loading=\"lazy\" decoding=\"async\" width=\"620\" height=\"325\" src=\"https:\/\/www.hijasdelamisericordia.com\/wp-content\/uploads\/2023\/04\/M-V5-CAT4.png\" class=\"attachment-large size-large wp-image-12264\" alt=\"\" srcset=\"https:\/\/www.hijasdelamisericordia.com\/wp-content\/uploads\/2023\/04\/M-V5-CAT4.png 620w, https:\/\/www.hijasdelamisericordia.com\/wp-content\/uploads\/2023\/04\/M-V5-CAT4-300x157.png 300w, https:\/\/www.hijasdelamisericordia.com\/wp-content\/uploads\/2023\/04\/M-V5-CAT4-18x9.png 18w\" sizes=\"(max-width: 620px) 100vw, 620px\" \/>\t\t\t\t\t\t\t\t<\/a>\n\t\t\t\t\t\t\t\t\t\t\t\t\t\t\t<\/div>\n\t\t\t\t<\/div>\n\t\t\t\t\t<\/div>\n\t\t<\/div>\n\t\t\t\t\t<\/div>\n\t\t<\/section>\n\t\t\t\t<section class=\"elementor-section elementor-top-section elementor-element elementor-element-5f12e46 elementor-section-boxed elementor-section-height-default elementor-section-height-default\" data-id=\"5f12e46\" data-element_type=\"section\" data-e-type=\"section\">\n\t\t\t\t\t\t<div class=\"elementor-container elementor-column-gap-default\">\n\t\t\t\t\t<div class=\"elementor-column elementor-col-100 elementor-top-column elementor-element elementor-element-776fde5\" data-id=\"776fde5\" data-element_type=\"column\" data-e-type=\"column\">\n\t\t\t<div class=\"elementor-widget-wrap elementor-element-populated\">\n\t\t\t\t\t\t<div class=\"elementor-element elementor-element-6825dc4 elementor-widget elementor-widget-spacer\" data-id=\"6825dc4\" data-element_type=\"widget\" data-e-type=\"widget\" data-widget_type=\"spacer.default\">\n\t\t\t\t<div class=\"elementor-widget-container\">\n\t\t\t\t\t\t\t<div class=\"elementor-spacer\">\n\t\t\t<div class=\"elementor-spacer-inner\"><\/div>\n\t\t<\/div>\n\t\t\t\t\t\t<\/div>\n\t\t\t\t<\/div>\n\t\t\t\t\t<\/div>\n\t\t<\/div>\n\t\t\t\t\t<\/div>\n\t\t<\/section>\n\t\t\t\t<section class=\"elementor-section elementor-top-section elementor-element elementor-element-b832142 elementor-section-boxed elementor-section-height-default elementor-section-height-default\" data-id=\"b832142\" data-element_type=\"section\" data-e-type=\"section\">\n\t\t\t\t\t\t<div class=\"elementor-container elementor-column-gap-default\">\n\t\t\t\t\t<div class=\"elementor-column elementor-col-100 elementor-top-column elementor-element elementor-element-924d4f6\" data-id=\"924d4f6\" data-element_type=\"column\" data-e-type=\"column\">\n\t\t\t<div class=\"elementor-widget-wrap elementor-element-populated\">\n\t\t\t\t\t\t<div class=\"elementor-element elementor-element-a7d1d5f elementor-widget elementor-widget-spacer\" data-id=\"a7d1d5f\" data-element_type=\"widget\" data-e-type=\"widget\" data-widget_type=\"spacer.default\">\n\t\t\t\t<div class=\"elementor-widget-container\">\n\t\t\t\t\t\t\t<div class=\"elementor-spacer\">\n\t\t\t<div class=\"elementor-spacer-inner\"><\/div>\n\t\t<\/div>\n\t\t\t\t\t\t<\/div>\n\t\t\t\t<\/div>\n\t\t\t\t\t<\/div>\n\t\t<\/div>\n\t\t\t\t\t<\/div>\n\t\t<\/section>\n\t\t\t\t<\/div>","protected":false},"excerpt":{"rendered":"<p>Otros proyectos Disponemos de una serie de\u00a0 espacios para la oraci\u00f3n y el encuentro, en los que experimentar la acogida y hospitalidad, as\u00ed como el cuidado de las hermanas mayores.\u00a0<\/p>","protected":false},"author":1,"featured_media":0,"parent":0,"menu_order":0,"comment_status":"closed","ping_status":"closed","template":"page-templates\/template-pagebuilder-full-width.php","meta":{"sfsi_plus_gutenberg_text_before_share":"","sfsi_plus_gutenberg_show_text_before_share":"","sfsi_plus_gutenberg_icon_type":"","sfsi_plus_gutenberg_icon_alignemt":"","sfsi_plus_gutenburg_max_per_row":"","neve_meta_sidebar":"","neve_meta_container":"","neve_meta_enable_content_width":"","neve_meta_content_width":0,"neve_meta_title_alignment":"","neve_meta_author_avatar":"","neve_post_elements_order":"","neve_meta_disable_header":"","neve_meta_disable_footer":"","neve_meta_disable_title":"","footnotes":""},"class_list":["post-12250","page","type-page","status-publish","hentry"],"_links":{"self":[{"href":"https:\/\/www.hijasdelamisericordia.com\/ca\/wp-json\/wp\/v2\/pages\/12250","targetHints":{"allow":["GET"]}}],"collection":[{"href":"https:\/\/www.hijasdelamisericordia.com\/ca\/wp-json\/wp\/v2\/pages"}],"about":[{"href":"https:\/\/www.hijasdelamisericordia.com\/ca\/wp-json\/wp\/v2\/types\/page"}],"author":[{"embeddable":true,"href":"https:\/\/www.hijasdelamisericordia.com\/ca\/wp-json\/wp\/v2\/users\/1"}],"replies":[{"embeddable":true,"href":"https:\/\/www.hijasdelamisericordia.com\/ca\/wp-json\/wp\/v2\/comments?post=12250"}],"version-history":[{"count":0,"href":"https:\/\/www.hijasdelamisericordia.com\/ca\/wp-json\/wp\/v2\/pages\/12250\/revisions"}],"wp:attachment":[{"href":"https:\/\/www.hijasdelamisericordia.com\/ca\/wp-json\/wp\/v2\/media?parent=12250"}],"curies":[{"name":"wp","href":"https:\/\/api.w.org\/{rel}","templated":true}]}}