{"id":12352,"date":"2023-01-24T18:46:19","date_gmt":"2023-01-24T16:46:19","guid":{"rendered":"https:\/\/www.hijasdelamisericordia.com\/?page_id=12352"},"modified":"2023-01-24T18:55:04","modified_gmt":"2023-01-24T16:55:04","slug":"voluntariado","status":"publish","type":"page","link":"https:\/\/www.hijasdelamisericordia.com\/ca\/voluntariado\/","title":{"rendered":"Voluntariat"},"content":{"rendered":"<div data-elementor-type=\"wp-page\" data-elementor-id=\"12352\" class=\"elementor elementor-12352\" data-elementor-post-type=\"page\">\n\t\t\t\t\t\t<section class=\"elementor-section elementor-top-section elementor-element elementor-element-2aa58cb elementor-section-boxed elementor-section-height-default elementor-section-height-default\" data-id=\"2aa58cb\" data-element_type=\"section\" data-e-type=\"section\">\n\t\t\t\t\t\t<div class=\"elementor-container elementor-column-gap-default\">\n\t\t\t\t\t<div class=\"elementor-column elementor-col-100 elementor-top-column elementor-element elementor-element-be81533\" data-id=\"be81533\" data-element_type=\"column\" data-e-type=\"column\">\n\t\t\t<div class=\"elementor-widget-wrap elementor-element-populated\">\n\t\t\t\t\t\t<div class=\"elementor-element elementor-element-4f267b3 elementor-widget elementor-widget-heading\" data-id=\"4f267b3\" data-element_type=\"widget\" data-e-type=\"widget\" data-widget_type=\"heading.default\">\n\t\t\t\t<div class=\"elementor-widget-container\">\n\t\t\t\t\t<h1 class=\"elementor-heading-title elementor-size-default\">Voluntariat<\/h1>\t\t\t\t<\/div>\n\t\t\t\t<\/div>\n\t\t\t\t\t<\/div>\n\t\t<\/div>\n\t\t\t\t\t<\/div>\n\t\t<\/section>\n\t\t\t\t<section class=\"elementor-section elementor-top-section elementor-element elementor-element-6f43442 elementor-section-boxed elementor-section-height-default elementor-section-height-default\" data-id=\"6f43442\" data-element_type=\"section\" data-e-type=\"section\">\n\t\t\t\t\t\t<div class=\"elementor-container elementor-column-gap-default\">\n\t\t\t\t\t<div class=\"elementor-column elementor-col-33 elementor-top-column elementor-element elementor-element-7435e4a\" data-id=\"7435e4a\" data-element_type=\"column\" data-e-type=\"column\">\n\t\t\t<div class=\"elementor-widget-wrap elementor-element-populated\">\n\t\t\t\t\t\t<div class=\"elementor-element elementor-element-6e00f3b elementor-widget elementor-widget-image\" data-id=\"6e00f3b\" data-element_type=\"widget\" data-e-type=\"widget\" data-widget_type=\"image.default\">\n\t\t\t\t<div class=\"elementor-widget-container\">\n\t\t\t\t\t\t\t\t\t\t\t\t\t\t\t<img decoding=\"async\" width=\"103\" height=\"66\" src=\"https:\/\/www.hijasdelamisericordia.com\/wp-content\/uploads\/2022\/05\/001manos.jpg\" class=\"attachment-medium size-medium wp-image-11709\" alt=\"\" \/>\t\t\t\t\t\t\t\t\t\t\t\t\t\t\t<\/div>\n\t\t\t\t<\/div>\n\t\t\t\t\t<\/div>\n\t\t<\/div>\n\t\t\t\t<div class=\"elementor-column elementor-col-66 elementor-top-column elementor-element elementor-element-79eea94\" data-id=\"79eea94\" data-element_type=\"column\" data-e-type=\"column\">\n\t\t\t<div class=\"elementor-widget-wrap elementor-element-populated\">\n\t\t\t\t\t\t<div class=\"elementor-element elementor-element-27b172a elementor-widget elementor-widget-text-editor\" data-id=\"27b172a\" data-element_type=\"widget\" data-e-type=\"widget\" data-widget_type=\"text-editor.default\">\n\t\t\t\t<div class=\"elementor-widget-container\">\n\t\t\t\t\t\t\t\t\t<p>Des del nostre carisma de Franciscanes Filles de la Miseric\u00f2rdia,<br \/>oferim la col\u00b7laboraci\u00f3 i participaci\u00f3 en projectes impulsats<br \/>des de les nostres comunitats.<br \/><br \/>Per ser voluntari\u2026 cal que, a m\u00e9s dels propis deures professionals, de manera continuada i desinteressada, dediqui part del seu temps a activitats, no a favor de si mateix\/a sin\u00f3 a favor dels altres o d'interessos socials col\u00b7lectius, segons un projecte que no s'esgota a la pr\u00f2pia intervenci\u00f3 (a difer\u00e8ncia de la benefic\u00e8ncia), sin\u00f3 que tendeix a erradicar o modificar les causes de la necessitat i de la marginaci\u00f3 social.<br \/><br \/>Les persones que vulguin dedicar un temps de la seva vida com a volunt\u00e0ries en algun dels nostres projectes, tenen possibilitat de fer-ho en diferents camps d'acci\u00f3, compartint vida i missi\u00f3 amb la comunitat de germanes de Per\u00fa i de Bol\u00edvia, que treballen en aquests projectes, des dels valors de la proximitat, la senzillesa i la joia. Si vols m\u00e9s informaci\u00f3 fes clic aqu\u00ed.\u00a0<a href=\"https:\/\/www.misolfranciscanas.org\/programa-de-voluntariado\/\" target=\"_blank\" rel=\"noopener\" data-saferedirecturl=\"https:\/\/www.google.com\/url?q=https:\/\/www.misolfranciscanas.org\/programa-de-voluntariado\/&amp;source=gmail&amp;ust=1674664872134000&amp;usg=AOvVaw0qsgHTGwyBPVro2MqGR0LQ\">aqu\u00ed.<\/a><\/p><div><div>Informaci\u00f3 voluntariat a <a href=\"https:\/\/orgmater.com\/es\/voluntariado\" target=\"_blank\" rel=\"noopener\" data-saferedirecturl=\"https:\/\/www.google.com\/url?q=https:\/\/orgmater.com\/es\/voluntariado&amp;source=gmail&amp;ust=1674664872134000&amp;usg=AOvVaw2qO369yeOd3KY9PG5p8AQm\">Mater<\/a>.<\/div><div>\u00a0<\/div><div>Informaci\u00f3 voluntariat a les nostres escoles -SFASIS-: 647 29 75 23 (M\u00f3nica Cardona).<\/div><\/div>\t\t\t\t\t\t\t\t<\/div>\n\t\t\t\t<\/div>\n\t\t\t\t\t<\/div>\n\t\t<\/div>\n\t\t\t\t\t<\/div>\n\t\t<\/section>\n\t\t\t\t<section class=\"elementor-section elementor-top-section elementor-element elementor-element-72db427 elementor-section-boxed elementor-section-height-default elementor-section-height-default\" data-id=\"72db427\" data-element_type=\"section\" data-e-type=\"section\">\n\t\t\t\t\t\t<div class=\"elementor-container elementor-column-gap-default\">\n\t\t\t\t\t<div class=\"elementor-column elementor-col-100 elementor-top-column elementor-element elementor-element-8d3a25a\" data-id=\"8d3a25a\" data-element_type=\"column\" data-e-type=\"column\">\n\t\t\t<div class=\"elementor-widget-wrap elementor-element-populated\">\n\t\t\t\t\t\t<div class=\"elementor-element elementor-element-eadc455 elementor-widget elementor-widget-spacer\" data-id=\"eadc455\" data-element_type=\"widget\" data-e-type=\"widget\" data-widget_type=\"spacer.default\">\n\t\t\t\t<div class=\"elementor-widget-container\">\n\t\t\t\t\t\t\t<div class=\"elementor-spacer\">\n\t\t\t<div class=\"elementor-spacer-inner\"><\/div>\n\t\t<\/div>\n\t\t\t\t\t\t<\/div>\n\t\t\t\t<\/div>\n\t\t\t\t\t<\/div>\n\t\t<\/div>\n\t\t\t\t\t<\/div>\n\t\t<\/section>\n\t\t\t\t<\/div>","protected":false},"excerpt":{"rendered":"<p>Voluntariado Desde nuestro carisma de Franciscanas Hijas de la Misericordia,ofrecemos la colaboraci\u00f3n y participaci\u00f3n en proyectos impulsadosdesde nuestras comunidades. Para ser voluntario\u2026 es necesario que, adem\u00e1s de los propios deberes profesionales, de forma continuada y desinteresada, dedique parte de su tiempo a actividades, no a favor de s\u00ed mismo\/a sino en favor de los dem\u00e1s&hellip;&nbsp;<a href=\"https:\/\/www.hijasdelamisericordia.com\/ca\/voluntariado\/\" rel=\"bookmark\">Llegiu m\u00e9s &raquo;<span class=\"screen-reader-text\">Voluntariat<\/span><\/a><\/p>","protected":false},"author":1,"featured_media":0,"parent":0,"menu_order":0,"comment_status":"closed","ping_status":"closed","template":"page-templates\/template-pagebuilder-full-width.php","meta":{"sfsi_plus_gutenberg_text_before_share":"","sfsi_plus_gutenberg_show_text_before_share":"","sfsi_plus_gutenberg_icon_type":"","sfsi_plus_gutenberg_icon_alignemt":"","sfsi_plus_gutenburg_max_per_row":"","neve_meta_sidebar":"","neve_meta_container":"","neve_meta_enable_content_width":"","neve_meta_content_width":0,"neve_meta_title_alignment":"","neve_meta_author_avatar":"","neve_post_elements_order":"","neve_meta_disable_header":"","neve_meta_disable_footer":"","neve_meta_disable_title":"","footnotes":""},"class_list":["post-12352","page","type-page","status-publish","hentry"],"_links":{"self":[{"href":"https:\/\/www.hijasdelamisericordia.com\/ca\/wp-json\/wp\/v2\/pages\/12352","targetHints":{"allow":["GET"]}}],"collection":[{"href":"https:\/\/www.hijasdelamisericordia.com\/ca\/wp-json\/wp\/v2\/pages"}],"about":[{"href":"https:\/\/www.hijasdelamisericordia.com\/ca\/wp-json\/wp\/v2\/types\/page"}],"author":[{"embeddable":true,"href":"https:\/\/www.hijasdelamisericordia.com\/ca\/wp-json\/wp\/v2\/users\/1"}],"replies":[{"embeddable":true,"href":"https:\/\/www.hijasdelamisericordia.com\/ca\/wp-json\/wp\/v2\/comments?post=12352"}],"version-history":[{"count":0,"href":"https:\/\/www.hijasdelamisericordia.com\/ca\/wp-json\/wp\/v2\/pages\/12352\/revisions"}],"wp:attachment":[{"href":"https:\/\/www.hijasdelamisericordia.com\/ca\/wp-json\/wp\/v2\/media?parent=12352"}],"curies":[{"name":"wp","href":"https:\/\/api.w.org\/{rel}","templated":true}]}}