{"id":12917,"date":"2026-04-21T13:55:14","date_gmt":"2026-04-21T11:55:14","guid":{"rendered":"https:\/\/www.hijasdelamisericordia.com\/?page_id=12917"},"modified":"2026-04-21T14:20:41","modified_gmt":"2026-04-21T12:20:41","slug":"casa-della-misericordia-assis","status":"publish","type":"page","link":"https:\/\/www.hijasdelamisericordia.com\/ca\/casa-della-misericordia-assis\/","title":{"rendered":"Casa della Misericordia Assis"},"content":{"rendered":"<div data-elementor-type=\"wp-page\" data-elementor-id=\"12917\" class=\"elementor elementor-12917\" data-elementor-post-type=\"page\">\n\t\t\t\t\t\t<section class=\"elementor-section elementor-top-section elementor-element elementor-element-7a0de66 elementor-section-boxed elementor-section-height-default elementor-section-height-default\" data-id=\"7a0de66\" data-element_type=\"section\" data-e-type=\"section\">\n\t\t\t\t\t\t<div class=\"elementor-container elementor-column-gap-default\">\n\t\t\t\t\t<div class=\"elementor-column elementor-col-100 elementor-top-column elementor-element elementor-element-4e215b7\" data-id=\"4e215b7\" data-element_type=\"column\" data-e-type=\"column\">\n\t\t\t<div class=\"elementor-widget-wrap elementor-element-populated\">\n\t\t\t\t\t\t<div class=\"elementor-element elementor-element-1d5eddf elementor-widget elementor-widget-heading\" data-id=\"1d5eddf\" data-element_type=\"widget\" data-e-type=\"widget\" data-widget_type=\"heading.default\">\n\t\t\t\t<div class=\"elementor-widget-container\">\n\t\t\t\t\t<h2 class=\"elementor-heading-title elementor-size-default\">Casa della Misericordia Assisi<\/h2>\t\t\t\t<\/div>\n\t\t\t\t<\/div>\n\t\t\t\t\t<\/div>\n\t\t<\/div>\n\t\t\t\t\t<\/div>\n\t\t<\/section>\n\t\t\t\t<section class=\"elementor-section elementor-top-section elementor-element elementor-element-8d87433 elementor-section-boxed elementor-section-height-default elementor-section-height-default\" data-id=\"8d87433\" data-element_type=\"section\" data-e-type=\"section\">\n\t\t\t\t\t\t<div class=\"elementor-container elementor-column-gap-default\">\n\t\t\t\t\t<div class=\"elementor-column elementor-col-100 elementor-top-column elementor-element elementor-element-3875d27\" data-id=\"3875d27\" data-element_type=\"column\" data-e-type=\"column\">\n\t\t\t<div class=\"elementor-widget-wrap elementor-element-populated\">\n\t\t\t\t\t\t<div class=\"elementor-element elementor-element-00688a0 elementor-widget elementor-widget-image\" data-id=\"00688a0\" data-element_type=\"widget\" data-e-type=\"widget\" data-widget_type=\"image.default\">\n\t\t\t\t<div class=\"elementor-widget-container\">\n\t\t\t\t\t\t\t\t\t\t\t\t\t\t\t<img fetchpriority=\"high\" decoding=\"async\" width=\"873\" height=\"576\" src=\"https:\/\/www.hijasdelamisericordia.com\/wp-content\/uploads\/2026\/04\/ENTRADA.jpg\" class=\"attachment-large size-large wp-image-12919\" alt=\"entrada Casa de Assisi\" srcset=\"https:\/\/www.hijasdelamisericordia.com\/wp-content\/uploads\/2026\/04\/ENTRADA.jpg 873w, https:\/\/www.hijasdelamisericordia.com\/wp-content\/uploads\/2026\/04\/ENTRADA-768x507.jpg 768w, https:\/\/www.hijasdelamisericordia.com\/wp-content\/uploads\/2026\/04\/ENTRADA-18x12.jpg 18w\" sizes=\"(max-width: 873px) 100vw, 873px\" \/>\t\t\t\t\t\t\t\t\t\t\t\t\t\t\t<\/div>\n\t\t\t\t<\/div>\n\t\t\t\t\t<\/div>\n\t\t<\/div>\n\t\t\t\t\t<\/div>\n\t\t<\/section>\n\t\t\t\t<section class=\"elementor-section elementor-top-section elementor-element elementor-element-05f8dda elementor-section-boxed elementor-section-height-default elementor-section-height-default\" data-id=\"05f8dda\" data-element_type=\"section\" data-e-type=\"section\">\n\t\t\t\t\t\t<div class=\"elementor-container elementor-column-gap-default\">\n\t\t\t\t\t<div class=\"elementor-column elementor-col-100 elementor-top-column elementor-element elementor-element-618e977\" data-id=\"618e977\" data-element_type=\"column\" data-e-type=\"column\">\n\t\t\t<div class=\"elementor-widget-wrap elementor-element-populated\">\n\t\t\t\t\t\t<div class=\"elementor-element elementor-element-8e40c28 elementor-widget elementor-widget-text-editor\" data-id=\"8e40c28\" data-element_type=\"widget\" data-e-type=\"widget\" data-widget_type=\"text-editor.default\">\n\t\t\t\t<div class=\"elementor-widget-container\">\n\t\t\t\t\t\t\t\t\t<p>La Casa della Misericordia es un espacio de acogida y hospitalidad situado en el centro hist\u00f3rico de As\u00eds, muy cerca de la Bas\u00edlica de San Francisco y de Santa Clara. Es un lugar pensado para favorecer la oraci\u00f3n, el encuentro, el silencio y el cuidado de la interioridad, en un entorno profundamente vinculado a la espiritualidad franciscana.<\/p><p>Abierta a peregrinos, familias, grupos y personas que buscan un espacio sencillo y sereno, la casa ofrece una experiencia de estancia marcada por la calma, la belleza y el recogimiento. En ella se conserva adem\u00e1s una capilla medieval vinculada a la familia Bernardone, en el mismo entorno donde naci\u00f3 y vivi\u00f3 San Francisco.<\/p><p>Su ubicaci\u00f3n privilegiada permite recorrer As\u00eds a pie y vivir de un modo cercano la experiencia franciscana. Para m\u00e1s informaci\u00f3n sobre la casa, las estancias y las reservas, puede consultarse su p\u00e1gina web oficial.\u00a0<\/p><p><a href=\"https:\/\/casadellamisericordiaassisi.it\/\" target=\"_blank\" rel=\"noopener\" data-saferedirecturl=\"https:\/\/www.google.com\/url?q=https:\/\/casadellamisericordiaassisi.it\/&amp;source=gmail&amp;ust=1776854726355000&amp;usg=AOvVaw2Z8S43PaGwOvq6Mhn0Nq6Z\">https:\/\/<wbr \/>casadellamisericordiaassisi.<wbr \/>it\/<\/a><\/p>\t\t\t\t\t\t\t\t<\/div>\n\t\t\t\t<\/div>\n\t\t\t\t\t<\/div>\n\t\t<\/div>\n\t\t\t\t\t<\/div>\n\t\t<\/section>\n\t\t\t\t<\/div>","protected":false},"excerpt":{"rendered":"<p>Casa della Misericordia Assisi La Casa della Misericordia es un espacio de acogida y hospitalidad situado en el centro hist\u00f3rico de As\u00eds, muy cerca de la Bas\u00edlica de San Francisco y de Santa Clara. Es un lugar pensado para favorecer la oraci\u00f3n, el encuentro, el silencio y el cuidado de la interioridad, en un entorno&hellip;&nbsp;<a href=\"https:\/\/www.hijasdelamisericordia.com\/ca\/casa-della-misericordia-assis\/\" rel=\"bookmark\">Llegiu m\u00e9s &raquo;<span class=\"screen-reader-text\">Casa della Misericordia Assis<\/span><\/a><\/p>","protected":false},"author":1,"featured_media":0,"parent":0,"menu_order":0,"comment_status":"closed","ping_status":"closed","template":"page-templates\/template-pagebuilder-full-width.php","meta":{"sfsi_plus_gutenberg_text_before_share":"","sfsi_plus_gutenberg_show_text_before_share":"","sfsi_plus_gutenberg_icon_type":"","sfsi_plus_gutenberg_icon_alignemt":"","sfsi_plus_gutenburg_max_per_row":"","neve_meta_sidebar":"","neve_meta_container":"","neve_meta_enable_content_width":"","neve_meta_content_width":0,"neve_meta_title_alignment":"","neve_meta_author_avatar":"","neve_post_elements_order":"","neve_meta_disable_header":"","neve_meta_disable_footer":"","neve_meta_disable_title":"","footnotes":""},"class_list":["post-12917","page","type-page","status-publish","hentry"],"_links":{"self":[{"href":"https:\/\/www.hijasdelamisericordia.com\/ca\/wp-json\/wp\/v2\/pages\/12917","targetHints":{"allow":["GET"]}}],"collection":[{"href":"https:\/\/www.hijasdelamisericordia.com\/ca\/wp-json\/wp\/v2\/pages"}],"about":[{"href":"https:\/\/www.hijasdelamisericordia.com\/ca\/wp-json\/wp\/v2\/types\/page"}],"author":[{"embeddable":true,"href":"https:\/\/www.hijasdelamisericordia.com\/ca\/wp-json\/wp\/v2\/users\/1"}],"replies":[{"embeddable":true,"href":"https:\/\/www.hijasdelamisericordia.com\/ca\/wp-json\/wp\/v2\/comments?post=12917"}],"version-history":[{"count":0,"href":"https:\/\/www.hijasdelamisericordia.com\/ca\/wp-json\/wp\/v2\/pages\/12917\/revisions"}],"wp:attachment":[{"href":"https:\/\/www.hijasdelamisericordia.com\/ca\/wp-json\/wp\/v2\/media?parent=12917"}],"curies":[{"name":"wp","href":"https:\/\/api.w.org\/{rel}","templated":true}]}}