{"id":70,"date":"2015-12-31T10:12:10","date_gmt":"2015-12-31T10:12:10","guid":{"rendered":"http:\/\/www.hijasdelamisericordia.com\/?page_id=70"},"modified":"2023-01-03T18:23:46","modified_gmt":"2023-01-03T16:23:46","slug":"aviso-legal","status":"publish","type":"page","link":"https:\/\/www.hijasdelamisericordia.com\/ca\/aviso-legal\/","title":{"rendered":"AV\u00cdS LEGAL"},"content":{"rendered":"<p align=\"justify\"><b>AV\u00cdS LEGAL<\/b><\/p>\n<p align=\"justify\">De conformitat amb el que estableix la Llei 34\/2002, d'11 de juliol, de serveis de la societat de la informaci\u00f3 i de comer\u00e7 electr\u00f2nic, es facilita la informaci\u00f3 seg\u00fcent:<\/p>\n<p align=\"justify\"><span style=\"font-family: Times New Roman, serif;\"><span style=\"font-size: medium;\"><b><span style=\"font-family: Calibri, serif;\"><span style=\"font-size: small;\">DADES IDENTIFICATIVES<\/span><\/span><\/b><\/span><\/span><\/p>\n<p align=\"justify\">Vost\u00e8 est\u00e0 visitant la p\u00e0gina web <span style=\"color: #0000ff;\"><u>http:\/\/www.hijasdelamisericordia.com<\/u><\/span> http:\/\/www.hijasdelamisericordia.com titularitat FRANCISCANAS FILLES DE LA MISERIC\u00d2RDIA, amb domicili social a MORER 4 (07001 ILLES BALEARS), amb N.I.F. R0700022G, inscrita al Registre d'entitat religiosa num 002430, d'ara endavant, el<b> TITULAR.<\/b><\/p>\n<p align=\"justify\">Podeu contactar amb el Titular per qualsevol dels mitjans seg\u00fcents:<\/p>\n<p align=\"justify\"><b>Tel\u00e8fon<\/b>:<\/p>\n<p align=\"justify\"><b>Correu electr\u00f2nic de contacte: <\/b><span style=\"color: #0000ff;\"><u>sege@hijasdelamisericordia.com<\/u><\/span><\/p>\n<p align=\"justify\"><span style=\"font-family: Times New Roman, serif;\"><span style=\"font-size: medium;\"><b><span style=\"font-family: Calibri, serif;\"><span style=\"font-size: small;\">USUARIS<\/span><\/span><\/b><\/span><\/span><\/p>\n<p align=\"justify\"><span style=\"color: #111111;\">Mitjan\u00e7ant aquest document posem en el seu coneixement els termes i condicions que regulen l'acc\u00e9s i \u00fas dels llocs web i aplicacions app m\u00f2bils del Titular, aix\u00ed com dels serveis i continguts associats a aquests llocs i aplicacions (d'ara endavant tamb\u00e9 el\/s lloc\/ s o els llocs web i app m\u00f2bils).<\/span><\/p>\n<p align=\"justify\"><span style=\"font-family: Times New Roman, serif;\"><span style=\"font-size: medium;\"><span style=\"color: #111111;\"><span style=\"font-family: Calibri, serif;\"><span style=\"font-size: small;\">L'acc\u00e9s o \u00fas de qualsevol interessat a un lloc web i\/o app del<\/span><\/span><\/span><span style=\"font-family: Calibri, serif;\"><span style=\"font-size: small;\">l Titular<\/span><\/span><span style=\"color: #111111;\"><span style=\"font-family: Calibri, serif;\"><span style=\"font-size: small;\">Titular implica que l'interessat adquireix la condici\u00f3 d'usuari i amb aquesta condici\u00f3, una s\u00e8rie de drets i obligacions.<\/span><\/span><\/span><\/span><\/span><\/p>\n<p align=\"justify\"><span style=\"font-family: Times New Roman, serif;\"><span style=\"font-size: medium;\"><span style=\"color: #111111;\"><span style=\"font-family: Calibri, serif;\"><span style=\"font-size: small;\"><b>\u00c9s la seva responsabilitat accedir a les condicions legals inserides a la present web i llegir-les detingudament, aix\u00ed com, les pol\u00edtiques de privadesa, cookies o si escau, condicions de venda. Recomanem:<\/b><\/span><\/span><\/span> <\/span><\/span><\/p>\n<ol type=\"i\">\n<li style=\"list-style-type: none;\">\n<ol type=\"i\">\n<li><u style=\"font-size: small; font-family: Calibri, serif; color: #111111; font-weight: var(--bodyfontweight); letter-spacing: var(--bodyletterspacing); text-transform: var(--bodytexttransform); background-color: var(--nv-site-bg);\"><b>Que visiti les mateixes cada vegada que pretengui accedir o utilitzar els serveis i continguts del lloc i<\/b><\/u><\/li>\n<li><u style=\"font-size: small; font-family: Calibri, serif; color: #111111; font-weight: var(--bodyfontweight); letter-spacing: var(--bodyletterspacing); text-transform: var(--bodytexttransform); background-color: var(--nv-site-bg);\"><b>Que imprimiu o emmagatzemi en el vostre sistema una c\u00f2pia.<\/b><\/u><\/li>\n<\/ol>\n<\/li>\n<\/ol>\n<ol type=\"i\">\n<li style=\"list-style-type: none;\"><\/li>\n<\/ol>\n<p align=\"justify\"><span style=\"font-family: Times New Roman, serif;\"><span style=\"font-size: medium;\"><b><span style=\"font-family: Calibri, serif;\"><span style=\"font-size: small;\">\u00daS DEL PORTAL<\/span><\/span><\/b><\/span><\/span><\/p>\n<p align=\"justify\"><span style=\"color: #000000;\">Aquest web <\/span>proporciona l'acc\u00e9s a multitud d'informaci\u00f3, serveis, programes o dades (d'ara endavant, \u201cels continguts\u201d) a Internet pertanyents al Titular o als seus llicenciants als quals l'usuari pot tenir acc\u00e9s.<\/p>\n<p align=\"justify\">L\u00b4Usuari assumeix la responsabilitat de l\u00b4\u00fas del portal. Aquesta responsabilitat s'est\u00e9n al registre necessari per accedir a determinats serveis o continguts. En aquest registre l'usuari ser\u00e0 responsable d'aportar informaci\u00f3 vera\u00e7 i l\u00edcita. Com a conseq\u00fc\u00e8ncia d'aquest registre, a l'Usuari se li pot proporcionar una contrasenya de la qual ser\u00e0 responsable, comprometent-se a fer-ne un \u00fas diligent i confidencial.<\/p>\n<p align=\"justify\"><b>L'Usuari es compromet a fer un \u00fas adequat dels continguts i serveis<\/b> (per exemple, serveis de xat, f\u00f2rums de discussi\u00f3 o grups de not\u00edcies) que el Titular ofereix a trav\u00e9s del seu portal i amb car\u00e0cter enunciatiu per\u00f2 no limitatiu, <b>a no fer-los servir per a:<\/b><\/p>\n<ul>\n<li style=\"list-style-type: none;\">\n<ul>\n<li><span style=\"color: var(--nv-text-color); font-family: var(--bodyfontfamily); font-size: var(--bodyfontsize); font-weight: var(--bodyfontweight); letter-spacing: var(--bodyletterspacing); text-transform: var(--bodytexttransform); background-color: var(--nv-site-bg);\">Inc\u00f3rrer en activitats il\u00b7l\u00edcites, il\u00b7legals o contr\u00e0ries a la bona fe i l'ordre p\u00fablic.<\/span><\/li>\n<\/ul>\n<\/li>\n<\/ul>\n<ul>\n<li style=\"list-style-type: none;\">\n<ul>\n<li><span style=\"color: var(--nv-text-color); font-family: var(--bodyfontfamily); font-size: var(--bodyfontsize); font-weight: var(--bodyfontweight); letter-spacing: var(--bodyletterspacing); text-transform: var(--bodytexttransform); background-color: var(--nv-site-bg);\">Difondre continguts o propaganda racista, xen\u00f2foba, pornogr\u00e0fic-il\u00b7legal, d'apologia del terrorisme o atemptat\u00f2ria contra els drets humans.<\/span><\/li>\n<\/ul>\n<\/li>\n<\/ul>\n<ul>\n<li style=\"list-style-type: none;\">\n<ul>\n<li><span style=\"color: var(--nv-text-color); font-family: var(--bodyfontfamily); font-size: var(--bodyfontsize); font-weight: var(--bodyfontweight); letter-spacing: var(--bodyletterspacing); text-transform: var(--bodytexttransform); background-color: var(--nv-site-bg);\">Provocar danys als sistemes f\u00edsics i l\u00f2gics del Titular, dels seus prove\u00efdors o de terceres persones, introduir o difondre a la xarxa virus inform\u00e0tics o qualssevol altres sistemes f\u00edsics o l\u00f2gics que siguin susceptibles de provocar els danys anteriorment esmentats.<\/span><\/li>\n<\/ul>\n<\/li>\n<\/ul>\n<ul>\n<li style=\"list-style-type: none;\">\n<ul>\n<li><span style=\"color: var(--nv-text-color); font-family: var(--bodyfontfamily); font-size: var(--bodyfontsize); font-weight: var(--bodyfontweight); letter-spacing: var(--bodyletterspacing); text-transform: var(--bodytexttransform); background-color: var(--nv-site-bg);\">Intentar accedir i, si escau, utilitzar els comptes de correu electr\u00f2nic daltres usuaris i modificar o manipular els seus missatges.<\/span><\/li>\n<\/ul>\n<\/li>\n<\/ul>\n<ul>\n<li style=\"list-style-type: none;\">\n<ul>\n<li><span style=\"color: var(--nv-text-color); font-family: var(--bodyfontfamily); font-size: var(--bodyfontsize); font-weight: var(--bodyfontweight); letter-spacing: var(--bodyletterspacing); text-transform: var(--bodytexttransform); background-color: var(--nv-site-bg);\">Utilitzar el lloc web ni les informacions que s'hi contenen amb finalitats comercials, pol\u00edtiques, publicit\u00e0ries i per a qualsevol \u00fas comercial, sobretot en l'enviament de correus electr\u00f2nics no sol\u00b7licitats.<\/span><\/li>\n<\/ul>\n<\/li>\n<\/ul>\n<p align=\"justify\">El Titular es reserva el dret de retirar tots aquells comentaris i aportacions que vulnerin el respecte a la dignitat de la persona, que siguin discriminatoris, xen\u00f2fobs, racistes, pornogr\u00e0fics, que atemptin contra la joventut o la inf\u00e0ncia, l'ordre o la seguretat p\u00fablica o que, a parer seu, no resultaran adequats per a la seva publicaci\u00f3. <b>En qualsevol cas, el Titular no ser\u00e0 responsable de les opinions abocades pels usuaris a trav\u00e9s dels f\u00f2rums, xats o altres eines de participaci\u00f3. <\/b><\/p>\n<p align=\"justify\"><span style=\"font-family: Times New Roman, serif;\"><span style=\"font-size: medium;\"><b><span style=\"font-family: Calibri, serif;\"><span style=\"font-size: small;\">PROTECCI\u00d3 DE DADES<\/span><\/span><\/b><\/span><\/span><\/p>\n<p align=\"justify\">Tot all\u00f2 relatiu al tractament de les vostres dades personals, es troba recollit en la pol\u00edtica de privadesa.<\/p>\n<p align=\"justify\"><span style=\"font-family: Times New Roman, serif;\"><span style=\"font-size: medium;\"><b><span style=\"font-family: Calibri, serif;\"><span style=\"font-size: small;\">CONTINGUTS. PROPIETAT INTEL\u00b7LECTUAL I INDUSTRIAL<\/span><\/span><\/b><\/span><\/span><\/p>\n<p align=\"justify\">El Titular \u00e9s propietari de tots els drets de propietat intel\u00b7lectual i industrial de la seva p\u00e0gina web, aix\u00ed com dels elements continguts a la mateixa (a t\u00edtol enunciatiu: imatges, fotografies, so, \u00e0udio, v\u00eddeo, programari o textos; marques o logotips, combinacions de colors, estructura i disseny, selecci\u00f3 de materials usats, programes dordinador necessaris per al seu funcionament, acc\u00e9s i \u00fas, etc.), titularitat del Titular o b\u00e9 dels seus llicenciants.<\/p>\n<p align=\"justify\"><b>Tots els drets reservats<\/b>. En virtut del que disposen els articles 8 i 32.1, par\u00e0graf segon, de la Llei de propietat intel\u00b7lectual, <b>queden expressament prohibides la reproducci\u00f3, la distribuci\u00f3 i la comunicaci\u00f3 p\u00fablica, inclosa la seva modalitat de posada a disposici\u00f3, de la totalitat o part dels continguts d'aquesta p\u00e0gina web, amb finalitats comercials, a qualsevol suport i per qualsevol mitj\u00e0 t\u00e8cnic, sense l'autoritzaci\u00f3 del Titular.<\/b><\/p>\n<p align=\"justify\"><span style=\"font-family: Times New Roman, serif;\"><span style=\"font-size: medium;\"><b><span style=\"font-family: Calibri, serif;\"><span style=\"font-size: small;\">EXCLUSI\u00d3 DE GARANTIES I RESPONSABILITAT<\/span><\/span><\/b><\/span><\/span><\/p>\n<p align=\"justify\">L'Usuari reconeix que la utilitzaci\u00f3 de la p\u00e0gina web i dels seus continguts i serveis es desenvolupa sota la seva responsabilitat exclusiva. En concret, a t\u00edtol merament enunciatiu, el Titular no assumeix cap responsabilitat en els \u00e0mbits seg\u00fcents:<\/p>\n<ul>\n<li style=\"list-style-type: none;\">\n<ul>\n<li><span style=\"color: var(--nv-text-color); font-family: var(--bodyfontfamily); font-size: var(--bodyfontsize); font-weight: var(--bodyfontweight); letter-spacing: var(--bodyletterspacing); text-transform: var(--bodytexttransform); background-color: var(--nv-site-bg);\">La disponibilitat del funcionament de la p\u00e0gina web, els serveis i continguts i la qualitat o interoperabilitat.<\/span><\/li>\n<\/ul>\n<\/li>\n<\/ul>\n<ul>\n<li style=\"list-style-type: none;\">\n<ul>\n<li><span style=\"color: var(--nv-text-color); font-family: var(--bodyfontfamily); font-size: var(--bodyfontsize); font-weight: var(--bodyfontweight); letter-spacing: var(--bodyletterspacing); text-transform: var(--bodytexttransform); background-color: var(--nv-site-bg);\">La finalitat per a la qual la p\u00e0gina web serveixi als objectius de l'usuari.<\/span><\/li>\n<\/ul>\n<\/li>\n<\/ul>\n<ul>\n<li style=\"list-style-type: none;\">\n<ul>\n<li><span style=\"color: var(--nv-text-color); font-family: var(--bodyfontfamily); font-size: var(--bodyfontsize); font-weight: var(--bodyfontweight); letter-spacing: var(--bodyletterspacing); text-transform: var(--bodytexttransform); background-color: var(--nv-site-bg);\">La infracci\u00f3 de la legislaci\u00f3 vigent per part de l'usuari o tercers i, en concret, dels drets de propietat intel\u00b7lectual i industrial que siguin titularitat d'altres persones o entitats.<\/span><\/li>\n<\/ul>\n<\/li>\n<\/ul>\n<ul>\n<li style=\"list-style-type: none;\">\n<ul>\n<li><span style=\"color: var(--nv-text-color); font-family: var(--bodyfontfamily); font-size: var(--bodyfontsize); font-weight: var(--bodyfontweight); letter-spacing: var(--bodyletterspacing); text-transform: var(--bodytexttransform); background-color: var(--nv-site-bg);\">L'exist\u00e8ncia de codis maliciosos o qualsevol altre element inform\u00e0tic nociu que pogu\u00e9s causar el sistema inform\u00e0tic de l'usuari o de tercers. Correspon a l'Usuari, en tot cas, disposar d'eines adequades per a la detecci\u00f3 i la desinfecci\u00f3 d'aquests elements.<\/span><\/li>\n<\/ul>\n<\/li>\n<\/ul>\n<ul>\n<li style=\"list-style-type: none;\">\n<ul>\n<li><span style=\"color: var(--nv-text-color); font-family: var(--bodyfontfamily); font-size: var(--bodyfontsize); font-weight: var(--bodyfontweight); letter-spacing: var(--bodyletterspacing); text-transform: var(--bodytexttransform); background-color: var(--nv-site-bg);\">L'acc\u00e9s fraudulent als continguts o serveis per tercers no autoritzats, o, si s'escau, la captura, l'eliminaci\u00f3, l'alteraci\u00f3, la modificaci\u00f3 o la manipulaci\u00f3 dels missatges i les comunicacions de qualsevol classe que aquests tercers pugui realitzar.<\/span><\/li>\n<\/ul>\n<\/li>\n<\/ul>\n<ul>\n<li style=\"list-style-type: none;\">\n<ul>\n<li><span style=\"color: var(--nv-text-color); font-family: var(--bodyfontfamily); font-size: var(--bodyfontsize); font-weight: var(--bodyfontweight); letter-spacing: var(--bodyletterspacing); text-transform: var(--bodytexttransform); background-color: var(--nv-site-bg);\">Els danys produ\u00efts a equips inform\u00e0tics durant l'acc\u00e9s a la p\u00e0gina web i els danys produ\u00efts als usuaris quan tinguin l'origen en fallades o desconnexions a les xarxes de telecomunicacions que interrompin el servei.<\/span><\/li>\n<\/ul>\n<\/li>\n<\/ul>\n<ul>\n<li style=\"list-style-type: none;\">\n<ul>\n<li><span style=\"color: var(--nv-text-color); font-family: var(--bodyfontfamily); font-size: var(--bodyfontsize); font-weight: var(--bodyfontweight); letter-spacing: var(--bodyletterspacing); text-transform: var(--bodytexttransform); background-color: var(--nv-site-bg);\">Els danys o perjudicis que es derivin de circumst\u00e0ncies esdevingudes per cas fortu\u00eft o for\u00e7a major.<\/span><\/li>\n<\/ul>\n<\/li>\n<\/ul>\n<p align=\"justify\">En cas que hi hagi f\u00f2rums, l\u00fas dels mateixos o altres espais an\u00e0legs, sha de tenir en compte que els missatges reflecteixin \u00fanicament lopini\u00f3 de lUsuari que els remet, que \u00e9s l\u00fanic responsable. El titular no es fa responsable del contingut dels missatges enviats per l'usuari.<\/p>\n<p align=\"justify\"><span style=\"font-family: Times New Roman, serif;\"><span style=\"font-size: medium;\"><b><span style=\"font-family: Calibri, serif;\"><span style=\"font-size: small;\">MODIFICACI\u00d3N DE ESTE AVISO LEGAL Y DURACI\u00d3N<\/span><\/span><\/b><\/span><\/span><\/p>\n<p align=\"justify\">El Titular se reserva el derecho de efectuar sin previo aviso las modificaciones que considere oportunas en su portal, pudiendo cambiar, suprimir o a\u00f1adir tantos contenidos y servicios que se presten a trav\u00e9s de la misma, como la forma en la que \u00e9stos aparezcan representados o localizados en su portal.<\/p>\n<p align=\"justify\">La vigencia de las citadas condiciones ir\u00e1 en funci\u00f3n de su exposici\u00f3n y estar\u00e1n vigentes hasta que sean modificadas por otras debidamente publicadas.<\/p>\n<p align=\"justify\"><span style=\"font-family: Times New Roman, serif;\"><span style=\"font-size: medium;\"><b><span style=\"font-family: Calibri, serif;\"><span style=\"font-size: small;\">ENLACES<\/span><\/span><\/b><\/span><\/span><\/p>\n<p align=\"justify\">En el caso de que en http:\/\/www.hijasdelamisericordia.com se incluyesen enlaces o hiperv\u00ednculos hacia otros sitios de Internet, el Titular no ejercer\u00e1 ning\u00fan tipo de control sobre dichos sitios y contenidos. En ning\u00fan caso el Titular asumir\u00e1 responsabilidad alguna por los contenidos de alg\u00fan enlace perteneciente a un sitio web ajeno, ni garantizar\u00e1 la disponibilidad t\u00e9cnica, calidad, fiabilidad, exactitud, amplitud, veracidad, validez y constitucionalidad de cualquier materia o informaci\u00f3n contenida en ninguno de dichos hiperv\u00ednculos y otros sitios en Internet. Igualmente, la inclusi\u00f3n de estas conexiones externas no implicar\u00e1 ning\u00fan tipo de asociaci\u00f3n, fusi\u00f3n o participaci\u00f3n con las entidades conectadas.<\/p>\n<p align=\"justify\"><span style=\"font-family: Times New Roman, serif;\"><span style=\"font-size: medium;\"><b><span style=\"font-family: Calibri, serif;\"><span style=\"font-size: small;\">DERECHOS DE EXCLUSI\u00d3N<\/span><\/span><\/b><\/span><\/span><\/p>\n<p align=\"justify\">El Titular ser reserva el derecho a denegar o retirar el acceso al portal y\/o los servicios ofrecidos sin necesidad de advertencia previa, a instancia propia o de un tercero, a aquellos usuarios que incumplan el contenido de este aviso legal.<\/p>\n<p align=\"justify\"><span style=\"font-family: Times New Roman, serif;\"><span style=\"font-size: medium;\"><b><span style=\"font-family: Calibri, serif;\"><span style=\"font-size: small;\">GENERALIDADES<\/span><\/span><\/b><\/span><\/span><\/p>\n<p align=\"justify\">El Titular perseguir\u00e1 el incumplimiento de las presentes condiciones as\u00ed como cualquier utilizaci\u00f3n indebida de su portal ejerciendo todas las acciones civiles y penales que le puedan corresponder en derecho.<\/p>\n<p align=\"justify\"><span style=\"font-family: Times New Roman, serif;\"><span style=\"font-size: medium;\"><b><span style=\"font-family: Calibri, serif;\"><span style=\"font-size: small;\">LEGISLACI\u00d3N APLICABLE Y JURISDICCI\u00d3N<\/span><\/span><\/b><\/span><\/span><\/p>\n<p align=\"justify\">La relaci\u00f3n entre el Titular y el Usuario se regir\u00e1 por la normativa espa\u00f1ola vigente. Todas las disputas y reclamaciones derivadas de este aviso legal se resolver\u00e1n por los juzgados y tribunales espa\u00f1oles del consumidor y usuario.<\/p>\n<p align=\"justify\"><span style=\"font-family: Times New Roman, serif;\"><span style=\"font-size: medium;\"><b><span style=\"font-family: Calibri, serif;\"><span style=\"font-size: small;\">MENORES DE EDAD<\/span><\/span><\/b><\/span><\/span><\/p>\n<p align=\"justify\"><span style=\"font-family: Times New Roman, serif;\"><span style=\"font-size: medium;\"><span style=\"font-family: Calibri, serif;\"><span style=\"font-size: small;\">Aquest web<\/span><\/span><span style=\"color: #000000;\"><span style=\"font-family: Calibri, serif;\"><span style=\"font-size: small;\"> dirige sus servicios a usuarios mayores de 18 . Los menores de esta edad no est\u00e1n autorizados a utilizar nuestros servicios y no deber\u00e1n, por tanto, enviarnos sus datos personales. Informamos de que si se da tal circunstancia, <\/span><\/span><\/span><span style=\"font-family: Calibri, serif;\"><span style=\"font-size: small;\">el Titular<\/span><\/span><span style=\"color: #000000;\"><span style=\"font-family: Calibri, serif;\"><span style=\"font-size: small;\"> no se hace responsable de las posibles consecuencias que pudieran derivarse del incumplimiento del aviso que en esta misma cl\u00e1usula se establece. <\/span><\/span><\/span><\/span><\/span><\/p>\n<p align=\"justify\"><span style=\"font-family: Times New Roman, serif;\"><span style=\"font-size: medium;\"><b><span style=\"font-family: Calibri, serif;\"><span style=\"font-size: small;\">MEDIDAS DE SEGURIDAD &#8211; <\/span><\/span><\/b><b><span style=\"font-family: Calibri, serif;\"><span style=\"font-size: small;\">SSL<\/span><\/span><\/b><\/span><\/span><\/p>\n<p align=\"justify\">El Titular ha contratado para su sitio web un certificado <b>SSL<\/b> (\u00abSecure Sockets Layer\u00bb).<\/p>\n<p align=\"justify\">Un certificado SSL permite proteger toda la informaci\u00f3n personal y confidencial que se pueda manejar en un sitio web, independientemente de la informaci\u00f3n que se est\u00e9 transmitiendo, como por ejemplo, desde cualquiera de los formularios de contacto del sitio web hasta el servidor, o los datos introducidos para la suscripci\u00f3n de boletines de noticias o accesos a las \u00e1reas protegidas, etc.<\/p>\n<p align=\"justify\">La direcci\u00f3n del sitio web aparecer\u00e1 en color verde, activ\u00e1ndose el protocolo \u201chttps\u201d que permite conexiones seguras desde un servidor web al navegador del usuario.<\/p>\n<p align=\"right\">\u00daltima revisi\u00f3n: 21 <span style=\"color: #000000;\">de Diciembre de 2022<\/span><\/p>\n<p align=\"justify\">","protected":false},"excerpt":{"rendered":"<p>AVISO LEGAL De conformidad con lo establecido en la Ley 34\/2002, de 11 de julio, de servicios de la sociedad de la informaci\u00f3n y de comercio electr\u00f3nico, se facilita la siguiente informaci\u00f3n: DATOS IDENTIFICATIVOS Usted est\u00e1 visitando la p\u00e1gina web http:\/\/www.hijasdelamisericordia.com titularidad FRANCISCANAS HIJAS DE LA MISERICORDIA, con domicilio social en MORER 4 (07001 ILLES&hellip;&nbsp;<a href=\"https:\/\/www.hijasdelamisericordia.com\/ca\/aviso-legal\/\" rel=\"bookmark\">Llegiu m\u00e9s &raquo;<span class=\"screen-reader-text\">AV\u00cdS LEGAL<\/span><\/a><\/p>","protected":false},"author":1,"featured_media":0,"parent":0,"menu_order":0,"comment_status":"closed","ping_status":"closed","template":"","meta":{"sfsi_plus_gutenberg_text_before_share":"","sfsi_plus_gutenberg_show_text_before_share":"","sfsi_plus_gutenberg_icon_type":"","sfsi_plus_gutenberg_icon_alignemt":"","sfsi_plus_gutenburg_max_per_row":"","neve_meta_sidebar":"","neve_meta_container":"","neve_meta_enable_content_width":"","neve_meta_content_width":0,"neve_meta_title_alignment":"","neve_meta_author_avatar":"","neve_post_elements_order":"","neve_meta_disable_header":"","neve_meta_disable_footer":"","neve_meta_disable_title":"","footnotes":""},"class_list":["post-70","page","type-page","status-publish","hentry"],"_links":{"self":[{"href":"https:\/\/www.hijasdelamisericordia.com\/ca\/wp-json\/wp\/v2\/pages\/70","targetHints":{"allow":["GET"]}}],"collection":[{"href":"https:\/\/www.hijasdelamisericordia.com\/ca\/wp-json\/wp\/v2\/pages"}],"about":[{"href":"https:\/\/www.hijasdelamisericordia.com\/ca\/wp-json\/wp\/v2\/types\/page"}],"author":[{"embeddable":true,"href":"https:\/\/www.hijasdelamisericordia.com\/ca\/wp-json\/wp\/v2\/users\/1"}],"replies":[{"embeddable":true,"href":"https:\/\/www.hijasdelamisericordia.com\/ca\/wp-json\/wp\/v2\/comments?post=70"}],"version-history":[{"count":0,"href":"https:\/\/www.hijasdelamisericordia.com\/ca\/wp-json\/wp\/v2\/pages\/70\/revisions"}],"wp:attachment":[{"href":"https:\/\/www.hijasdelamisericordia.com\/ca\/wp-json\/wp\/v2\/media?parent=70"}],"curies":[{"name":"wp","href":"https:\/\/api.w.org\/{rel}","templated":true}]}}